{"id":8,"date":"2017-01-30T03:39:36","date_gmt":"2017-01-30T03:39:36","guid":{"rendered":"https:\/\/demo.themegrill.com\/flash-construction-2\/?page_id=8"},"modified":"2020-05-11T07:48:03","modified_gmt":"2020-05-11T05:48:03","slug":"about","status":"publish","type":"page","link":"https:\/\/friotel.es\/index.php\/about\/","title":{"rendered":"Empresa"},"content":{"rendered":"<div id=\"pl-8\"  class=\"panel-layout\" ><div id=\"pg-8-0\"  class=\"panel-grid panel-has-style\" ><div class=\"siteorigin-panels-stretch panel-row-style panel-row-style-for-8-0\" data-siteorigin-parallax=\"{&quot;backgroundUrl&quot;:&quot;https:\\\/\\\/friotel.es\\\/wp-content\\\/uploads\\\/2017\\\/01\\\/background-2.jpg&quot;,&quot;backgroundSize&quot;:[1920,1000],&quot;backgroundSizing&quot;:&quot;scaled&quot;,&quot;limitMotion&quot;:&quot;auto&quot;}\" data-stretch-type=\"full\" ><div id=\"pgc-8-0-0\"  class=\"panel-grid-cell\" ><div id=\"panel-8-0-0-0\" class=\"so-panel widget widget_siteorigin-panels-builder panel-first-child panel-last-child\" data-index=\"0\" ><div id=\"pl-w5eb8e6dc2bb91\"  class=\"panel-layout\" ><div id=\"pg-w5eb8e6dc2bb91-0\"  class=\"panel-grid panel-no-style\" ><div id=\"pgc-w5eb8e6dc2bb91-0-0\"  class=\"panel-grid-cell\" ><div id=\"panel-w5eb8e6dc2bb91-0-0-0\" class=\"so-panel widget widget_text panel-first-child panel-last-child\" data-index=\"0\" ><h3 class=\"widget-title\">Sobre nosotros<\/h3>\t\t\t<div class=\"textwidget\"><p>Comenzamos nuestra andadura en 1989 de la mano de nuestro fundador Jorge Martinez Fernandez.\nTenemos en nuestro Aval nuestros a\u00f1os de profesionalidad y clientes satisfechos.\n\n<\/p><\/div>\n\t\t<\/div><\/div><\/div><div id=\"pg-w5eb8e6dc2bb91-1\"  class=\"panel-grid panel-no-style\" ><div id=\"pgc-w5eb8e6dc2bb91-1-0\"  class=\"panel-grid-cell\" ><div id=\"panel-w5eb8e6dc2bb91-1-0-0\" class=\"so-panel widget widget_themegrill_flash_image tg-widget tg-image-widget panel-first-child panel-last-child\" data-index=\"1\" >\t<img src=\"http:\/\/friotel.es\/wp-content\/uploads\/2020\/04\/compresores.jpg\" \/>\n<\/div><\/div><div id=\"pgc-w5eb8e6dc2bb91-1-1\"  class=\"panel-grid-cell\" ><div id=\"panel-w5eb8e6dc2bb91-1-1-0\" class=\"so-panel widget widget_themegrill_flash_image tg-widget tg-image-widget panel-first-child\" data-index=\"2\" >\t<img src=\"http:\/\/friotel.es\/wp-content\/uploads\/2020\/05\/foto-jorge-padre-empresa.jpg\" \/>\n<\/div><div id=\"panel-w5eb8e6dc2bb91-1-1-1\" class=\"so-panel widget widget_themegrill_flash_image tg-widget tg-image-widget panel-last-child\" data-index=\"3\" ><div class=\"panel-widget-style panel-widget-style-for-w5eb8e6dc2bb91-1-1-1\" >\t<img src=\"http:\/\/friotel.es\/wp-content\/uploads\/2020\/04\/empresa-2.jpg\" \/>\n<\/div><\/div><\/div><\/div><div id=\"pg-w5eb8e6dc2bb91-2\"  class=\"panel-grid panel-has-style\" ><div class=\"panel-row-style panel-row-style-for-w5eb8e6dc2bb91-2\" ><div id=\"pgc-w5eb8e6dc2bb91-2-0\"  class=\"panel-grid-cell\" ><div id=\"panel-w5eb8e6dc2bb91-2-0-0\" class=\"so-panel widget widget_text panel-first-child panel-last-child\" data-index=\"4\" ><h3 class=\"widget-title\">Algo mas sobre nosotros<\/h3>\t\t\t<div class=\"textwidget\"><p><strong>Friotel <\/strong>nace 1989 como fruto de un proyecto que lleva a cabo Jorge Martinez Fernandez \u00a0y Encarni\u00a0 Perez Sanchez, en el garaje de su casa de La Peza.<\/p>\n<p>Una empresa joven pero avalada por larga trayectoria personal de sus fundadores.<\/p>\n<p>Actualmente nos encontramos en nuestras instalaciones en principales de Avenida ciudad de Guadix manzana 4 parcela 11\/2\u00a018500 Guadix, (Granada).<\/p>\n<p>Al frente de Friotel, despu\u00e9s del desgraciado fallecimiento de su fundador en 2012, esta su familia y empleados, manteniendo toda la profesionalidad y el esp\u00edritu de superaci\u00f3n de su fundador.<\/p>\n<p>En\u00a0<strong>Friotel <\/strong>ofrecemos productos para la hosteler\u00eda a un precio muy competitivo, pero tambi\u00e9n nos preocupamos de ofrecer un\u00a0<strong>servicio<\/strong>\u00a0y\u00a0<strong>asesoramiento<\/strong>\u00a0de\u00a0<strong>calidad<\/strong>\u00a0a nuestros clientes.<br \/>\nContamos con un stock que ronda las 15.000 referencias, en la que la referencia principal para nosotros es la atenci\u00f3n y satisfacci\u00f3n de cliente, asesor\u00e1ndolo desde el principio hasta al final de su compra, ya sea unas pocas copas \u201cprincesa\u201d a el montaje de un restaurante entero, incluyendo la obra civil, estudio de mercado, iluminaci\u00f3n, etc..<\/p>\n<p>Nuestra sede principal est\u00e1 en Guadix, aunque operamos en otras provincias como Almeria y Jaen, as\u00ed como en Sierra Nevada, costa tropical y toda la provincia de Granada desde Lanjaron hasta Guadahortuna\u2026\u2026<\/p>\n<p>Nos gusta considerar a nuestros clientes como parte de una gran familia y as\u00ed tratamos de hacer que se sientan.<\/p>\n<\/div>\n\t\t<\/div><\/div><\/div><\/div><div id=\"pg-w5eb8e6dc2bb91-3\"  class=\"panel-grid panel-no-style\" ><div id=\"pgc-w5eb8e6dc2bb91-3-0\"  class=\"panel-grid-cell\" ><div id=\"panel-w5eb8e6dc2bb91-3-0-0\" class=\"so-panel widget widget_themegrill_flash_service tg-widget tg-single-service panel-first-child panel-last-child\" data-index=\"5\" >\n<div class=\"tg-service-widget tg-service-layout-1\">\n\t<div class=\"service-wrapper\">\n\t\t<div class=\"service-icon-title-wrapper clearfix\">\n\t\t\t\t\t\t\t\t\t<figure class=\"service-image-wrap\"><img src=\"http:\/\/friotel.es\/wp-content\/uploads\/2020\/04\/asesoramiento.jpg\" \/><\/figure>\n\t\t\t\t\t\t\t\t\t<h3 class=\"service-title-wrap\">\n\t\t\t\t\t\t\t\t<a href=\"http:\/\/friotel.es\/index.php\/cash\/\">\n\t\t\t\tQue le ofrecemos\t\t\t\t\t\t\t\t<\/a>\n\t\t\t\t\t\t\t<\/h3>\n\t\t\t\t\t<\/div>\n\t\t\t\t<div class=\"service-content-wrap\">Proporcionamos asesoramiento tanto t\u00e9cnico como comercial a nuestros clientes.\nDisponemos de un amplio cash con 200 metros cuadrados de productos y maquinaria\nDisponemos de mas de 15.000 referencias de productos en nuestra tienda.\nRealizamos estudios de dise\u00f1o, decoraci\u00f3n, iluminaci\u00f3n, etc..<\/div>\n\t\t\t\t\t\t<a class=\"service-more\" href=\"http:\/\/friotel.es\/index.php\/cash\/\">Ir al cash<\/a>\n\t\t\t<\/div>\n<\/div>\n<\/div><\/div><div id=\"pgc-w5eb8e6dc2bb91-3-1\"  class=\"panel-grid-cell\" ><div id=\"panel-w5eb8e6dc2bb91-3-1-0\" class=\"so-panel widget widget_themegrill_flash_service tg-widget tg-single-service panel-first-child panel-last-child\" data-index=\"6\" >\n<div class=\"tg-service-widget tg-service-layout-1\">\n\t<div class=\"service-wrapper\">\n\t\t<div class=\"service-icon-title-wrapper clearfix\">\n\t\t\t\t\t\t\t\t\t<figure class=\"service-image-wrap\"><img src=\"http:\/\/friotel.es\/wp-content\/uploads\/2020\/04\/vision.jpg\" \/><\/figure>\n\t\t\t\t\t\t\t\t\t<h3 class=\"service-title-wrap\">\n\t\t\t\t\t\t\t\t<a href=\"http:\/\/friotel.es\/index.php\/contact\/\">\n\t\t\t\tNuestra visi\u00f3n\t\t\t\t\t\t\t\t<\/a>\n\t\t\t\t\t\t\t<\/h3>\n\t\t\t\t\t<\/div>\n\t\t\t\t<div class=\"service-content-wrap\">Nuestra visi\u00f3n de negocio se basa en la mutua confianza y respeto, sabemos que emprender hoy d\u00eda un negocio no es tarea sencilla, por eso para nosotros no solo es un cliente, si no que forma parte de una familia, una familia de emprendedores y de empresarios que cada d\u00eda se arriesgan por su sue\u00f1o.\nPor esto, porque sabemos que es \u201csu sue\u00f1o\u201d, le acompa\u00f1amos de principio a fin, sea una instalaci\u00f3n desde cero de un restaurante, cafeter\u00eda, helader\u00eda, etc.. o simplemente con la compra de material, maquinaria, menaje o un servicio de an\u00e1lisis de su sistema de limpieza y desinfecci\u00f3n para ayudarle a mejorar en ese sue\u00f1o.\nPor que nosotros mismos sabemos lo dif\u00edcil que es tener \u201cun sue\u00f1o\u201d y llevarlo a cabo, por esto mismo no le defraudaremos, contacte con nosotros y deje que le acompa\u00f1emos en esta magnifica aventura.\n<\/div>\n\t\t\t\t\t\t<a class=\"service-more\" href=\"http:\/\/friotel.es\/index.php\/contact\/\">Contacto<\/a>\n\t\t\t<\/div>\n<\/div>\n<\/div><\/div><\/div><\/div><\/div><\/div><\/div><\/div><div id=\"pg-8-1\"  class=\"panel-grid panel-has-style\" ><div class=\"siteorigin-panels-stretch panel-row-style panel-row-style-for-8-1\" data-stretch-type=\"full\" ><div id=\"pgc-8-1-0\"  class=\"panel-grid-cell\" ><div id=\"panel-8-1-0-0\" class=\"so-panel widget widget_themegrill_flash_cta tg-widget call-to-action-section panel-first-child panel-last-child\" data-index=\"1\" ><div class=\"panel-widget-style panel-widget-style-for-8-1-0-0\" ><div class=\"cta-wrapper call-to-action-section-layout-2\">\n\t<div class=\"section-title-wrapper\">\n\t\t\t\t<h3 class=\"section-title\">\u00bfLISTO PARA SER NUESTRO CLIENTE?<\/h3>\n\t\t\t<\/div>\n\t\t<div class=\"btn-wrapper\">\n\t\t\t\t<a class=\"btn\" href=\"http:\/\/friotel.es\/index.php\/contact\/\">Contacto<\/a>\n\t\t\t\t\t<\/div>\n\t<\/div>\n<\/div><\/div><\/div><\/div><\/div><\/div>","protected":false},"excerpt":{"rendered":"<p>Sobre nosotros Comenzamos nuestra andadura en 1989 de la mano de nuestro fundador Jorge Martinez Fernandez. Tenemos en nuestro Aval [&hellip;]<\/p>\n","protected":false},"author":1,"featured_media":0,"parent":0,"menu_order":0,"comment_status":"closed","ping_status":"closed","template":"page-templates\/pagebuilder.php","meta":[],"_links":{"self":[{"href":"https:\/\/friotel.es\/index.php\/wp-json\/wp\/v2\/pages\/8"}],"collection":[{"href":"https:\/\/friotel.es\/index.php\/wp-json\/wp\/v2\/pages"}],"about":[{"href":"https:\/\/friotel.es\/index.php\/wp-json\/wp\/v2\/types\/page"}],"author":[{"embeddable":true,"href":"https:\/\/friotel.es\/index.php\/wp-json\/wp\/v2\/users\/1"}],"replies":[{"embeddable":true,"href":"https:\/\/friotel.es\/index.php\/wp-json\/wp\/v2\/comments?post=8"}],"version-history":[{"count":15,"href":"https:\/\/friotel.es\/index.php\/wp-json\/wp\/v2\/pages\/8\/revisions"}],"predecessor-version":[{"id":867,"href":"https:\/\/friotel.es\/index.php\/wp-json\/wp\/v2\/pages\/8\/revisions\/867"}],"wp:attachment":[{"href":"https:\/\/friotel.es\/index.php\/wp-json\/wp\/v2\/media?parent=8"}],"curies":[{"name":"wp","href":"https:\/\/api.w.org\/{rel}","templated":true}]}}