{"id":660,"date":"2020-05-02T02:45:39","date_gmt":"2020-05-02T00:45:39","guid":{"rendered":"http:\/\/friotel.es\/?page_id=660"},"modified":"2020-05-02T02:45:40","modified_gmt":"2020-05-02T00:45:40","slug":"envases-para-llevar","status":"publish","type":"page","link":"https:\/\/friotel.es\/index.php\/envases-para-llevar\/","title":{"rendered":"Envases para llevar"},"content":{"rendered":"<div id=\"pl-660\"  class=\"panel-layout\" ><div id=\"pg-660-0\"  class=\"panel-grid panel-has-style\" ><div class=\"panel-row-style panel-row-style-for-660-0\" ><div id=\"pgc-660-0-0\"  class=\"panel-grid-cell\" ><div id=\"panel-660-0-0-0\" class=\"so-panel widget widget_siteorigin-panels-builder panel-first-child panel-last-child\" data-index=\"0\" ><div id=\"pl-w5eacc2b4022db\"  class=\"panel-layout\" ><div id=\"pg-w5eacc2b4022db-0\"  class=\"panel-grid panel-no-style\" ><div id=\"pgc-w5eacc2b4022db-0-0\"  class=\"panel-grid-cell\" ><div id=\"panel-w5eacc2b4022db-0-0-0\" class=\"so-panel widget widget_themegrill_flash_heading tg-widget section-title-wrapper panel-first-child panel-last-child\" data-index=\"0\" >\t<h3 class=\"section-title\">TODO LO NECESARIO PARA VENDER COMIDA PARA LLEVAR<\/h3>\n\t<div class=\"section-description\">Todo lo que necesita para las circunstancias del COVID 19<\/div>\n<\/div><\/div><\/div><div id=\"pg-w5eacc2b4022db-1\"  class=\"panel-grid panel-has-style\" ><div class=\"panel-row-style panel-row-style-for-w5eacc2b4022db-1\" ><div id=\"pgc-w5eacc2b4022db-1-0\"  class=\"panel-grid-cell\" ><div id=\"panel-w5eacc2b4022db-1-0-0\" class=\"so-panel widget widget_themegrill_flash_image tg-widget tg-image-widget panel-first-child panel-last-child\" data-index=\"1\" >\t<img src=\"http:\/\/friotel.es\/wp-content\/uploads\/2020\/05\/envases.jpg\" \/>\n<\/div><\/div><div id=\"pgc-w5eacc2b4022db-1-1\"  class=\"panel-grid-cell\" ><div id=\"panel-w5eacc2b4022db-1-1-0\" class=\"so-panel widget widget_text panel-first-child panel-last-child\" data-index=\"2\" >\t\t\t<div class=\"textwidget\"><p>En Friotel disponemos del mayor surtido de <strong>envases comida para llevar<\/strong>\u00a0o\u00a0<em><strong>Take Away<\/strong>. <\/em><\/p>\n<p>Los envases de comida para llevar son una parte fundamental en la restauraci\u00f3n hoy d\u00eda, ante la nueva situaci\u00f3n que se abre ante nosotros en la era POST COVID 19, los negocios deben de adaptarse en su funcionamiento para las nuevas demandas de los clientes.<\/p>\n<p>Disponemos de un amplio catalogo de envases fri\u00f3 \/ calor para comida, as\u00ed como todos los envases para bebida, caf\u00e9, bocadillos&#8230;<\/p>\n<p>Disponemos de varias rutas de reparto para que nunca le falten envases.<\/p>\n<\/div>\n\t\t<\/div><\/div><\/div><\/div><div id=\"pg-w5eacc2b4022db-2\"  class=\"panel-grid panel-no-style\" ><div id=\"pgc-w5eacc2b4022db-2-0\"  class=\"panel-grid-cell\" ><div id=\"panel-w5eacc2b4022db-2-0-0\" class=\"so-panel widget widget_themegrill_flash_image tg-widget tg-image-widget panel-first-child panel-last-child\" data-index=\"3\" >\t<img src=\"http:\/\/friotel.es\/wp-content\/uploads\/2020\/05\/cafe.jpg\" \/>\n<\/div><\/div><div id=\"pgc-w5eacc2b4022db-2-1\"  class=\"panel-grid-cell\" ><div id=\"panel-w5eacc2b4022db-2-1-0\" class=\"so-panel widget widget_themegrill_flash_image tg-widget tg-image-widget panel-first-child panel-last-child\" data-index=\"4\" >\t<img src=\"http:\/\/friotel.es\/wp-content\/uploads\/2020\/05\/vajilla_desechable_Garcia_de_Pou.jpg\" \/>\n<\/div><\/div><div id=\"pgc-w5eacc2b4022db-2-2\"  class=\"panel-grid-cell\" ><div id=\"panel-w5eacc2b4022db-2-2-0\" class=\"so-panel widget widget_themegrill_flash_image tg-widget tg-image-widget panel-first-child panel-last-child\" data-index=\"5\" >\t<img src=\"http:\/\/friotel.es\/wp-content\/uploads\/2020\/05\/pollo.jpg\" \/>\n<\/div><\/div><div id=\"pgc-w5eacc2b4022db-2-3\"  class=\"panel-grid-cell\" ><div id=\"panel-w5eacc2b4022db-2-3-0\" class=\"so-panel widget widget_themegrill_flash_image tg-widget tg-image-widget panel-first-child panel-last-child\" data-index=\"6\" >\t<img src=\"http:\/\/friotel.es\/wp-content\/uploads\/2020\/05\/7.jpg\" \/>\n<\/div><\/div><\/div><\/div><\/div><\/div><\/div><\/div><div id=\"pg-660-1\"  class=\"panel-grid panel-has-style\" ><div class=\"panel-row-style panel-row-style-for-660-1\" ><div id=\"pgc-660-1-0\"  class=\"panel-grid-cell\" ><div id=\"panel-660-1-0-0\" class=\"so-panel widget widget_themegrill_flash_cta tg-widget call-to-action-section panel-first-child panel-last-child\" data-index=\"1\" ><div class=\"cta-wrapper call-to-action-section-layout-2\">\n\t<div class=\"section-title-wrapper\">\n\t\t\t\t<h3 class=\"section-title\">NECESITO ENVASES PARA LLEVAR<\/h3>\n\t\t\t<\/div>\n\t\t<div class=\"btn-wrapper\">\n\t\t\t\t<a class=\"btn\" href=\"http:\/\/friotel.es\/index.php\/contact\/\">Comprar<\/a>\n\t\t\t\t\t<\/div>\n\t<\/div>\n<\/div><\/div><\/div><\/div><\/div>","protected":false},"excerpt":{"rendered":"<p>TODO LO NECESARIO PARA VENDER COMIDA PARA LLEVAR Todo lo que necesita para las circunstancias del COVID 19 En Friotel [&hellip;]<\/p>\n","protected":false},"author":1,"featured_media":0,"parent":0,"menu_order":0,"comment_status":"closed","ping_status":"closed","template":"","meta":[],"_links":{"self":[{"href":"https:\/\/friotel.es\/index.php\/wp-json\/wp\/v2\/pages\/660"}],"collection":[{"href":"https:\/\/friotel.es\/index.php\/wp-json\/wp\/v2\/pages"}],"about":[{"href":"https:\/\/friotel.es\/index.php\/wp-json\/wp\/v2\/types\/page"}],"author":[{"embeddable":true,"href":"https:\/\/friotel.es\/index.php\/wp-json\/wp\/v2\/users\/1"}],"replies":[{"embeddable":true,"href":"https:\/\/friotel.es\/index.php\/wp-json\/wp\/v2\/comments?post=660"}],"version-history":[{"count":8,"href":"https:\/\/friotel.es\/index.php\/wp-json\/wp\/v2\/pages\/660\/revisions"}],"predecessor-version":[{"id":673,"href":"https:\/\/friotel.es\/index.php\/wp-json\/wp\/v2\/pages\/660\/revisions\/673"}],"wp:attachment":[{"href":"https:\/\/friotel.es\/index.php\/wp-json\/wp\/v2\/media?parent=660"}],"curies":[{"name":"wp","href":"https:\/\/api.w.org\/{rel}","templated":true}]}}