{"id":613,"date":"2020-05-02T01:01:20","date_gmt":"2020-05-01T23:01:20","guid":{"rendered":"http:\/\/friotel.es\/?page_id=613"},"modified":"2020-05-02T01:30:21","modified_gmt":"2020-05-01T23:30:21","slug":"fabricacion-a-medida-de-campanas","status":"publish","type":"page","link":"https:\/\/friotel.es\/index.php\/fabricacion-a-medida-de-campanas\/","title":{"rendered":"Fabricaci\u00f3n a medida de campanas"},"content":{"rendered":"<div id=\"pl-613\"  class=\"panel-layout\" ><div id=\"pg-613-0\"  class=\"panel-grid panel-has-style\" ><div class=\"panel-row-style panel-row-style-for-613-0\" ><div id=\"pgc-613-0-0\"  class=\"panel-grid-cell\" ><div id=\"panel-613-0-0-0\" class=\"so-panel widget widget_siteorigin-panels-builder panel-first-child panel-last-child\" data-index=\"0\" ><div id=\"pl-w5eacb10d21492\"  class=\"panel-layout\" ><div id=\"pg-w5eacb10d21492-0\"  class=\"panel-grid panel-no-style\" ><div id=\"pgc-w5eacb10d21492-0-0\"  class=\"panel-grid-cell\" ><div id=\"panel-w5eacb10d21492-0-0-0\" class=\"so-panel widget widget_themegrill_flash_heading tg-widget section-title-wrapper panel-first-child panel-last-child\" data-index=\"0\" >\t<h3 class=\"section-title\">FABRICACI\u00d3N A MEDIDA DE CAMPANA EXTRACTORA INDUSTRIAL<\/h3>\n\t<div class=\"section-description\">Somos fabricantes, nos adaptamos a cualquier lugar<\/div>\n<\/div><\/div><\/div><div id=\"pg-w5eacb10d21492-1\"  class=\"panel-grid panel-no-style\" ><div id=\"pgc-w5eacb10d21492-1-0\"  class=\"panel-grid-cell\" ><div id=\"panel-w5eacb10d21492-1-0-0\" class=\"so-panel widget widget_text panel-first-child panel-last-child\" data-index=\"1\" >\t\t\t<div class=\"textwidget\"><div>Despu\u00e9s de nuestra experiencia de mas de 20 a\u00f1os en el sector, tenemos una <strong>dilatada experiencia en el c\u00e1lculo de extracciones de humos industriales, ventilaci\u00f3n y filtraci\u00f3n.<\/strong><\/div>\n<div><\/div>\n<div class=\"service-content-wrap\">En Friotel instalamos y creamos a medida su campana extractora industrial, adaptada a la normativa vigente , para su negocio de hosteler\u00eda.<\/div>\n<div><\/div>\n<div class=\"service-content-wrap\">Realizamos instalaci\u00f3n de cajas de ventilaci\u00f3n 400 grados 2h, para en caso de incendio cumplir normativa.<\/div>\n<div class=\"service-content-wrap\">Calculamos el caudal de extracci\u00f3n de humo en base a la superficie.<\/div>\n<div><\/div>\n<div class=\"service-content-wrap\">Instalaci\u00f3n de toda clase de campanas a medida. Cualquier tipo de conducto (circulares, rectangulares, \u2026) y accesorios. Salidas de extracci\u00f3n de campanas con tubo galvanizado y helicoidal, aislamiento interior con anti condensaci\u00f3n, tubo en acero inoxidable con aislamiento\u2026<\/div>\n<div><\/div>\n<div class=\"service-content-wrap\">Instalamos filtronics seg\u00fan normativa, que son depuradores de humos electrost\u00e1ticos que crean un campo magn\u00e9tico que al pasar las part\u00edculas de grasa las destruye y elimina olores.<\/div>\n<p>&nbsp;<\/p>\n<\/div>\n\t\t<\/div><\/div><div id=\"pgc-w5eacb10d21492-1-1\"  class=\"panel-grid-cell\" ><div id=\"panel-w5eacb10d21492-1-1-0\" class=\"so-panel widget widget_themegrill_flash_image tg-widget tg-image-widget panel-first-child panel-last-child\" data-index=\"2\" >\t<img src=\"http:\/\/friotel.es\/wp-content\/uploads\/2020\/05\/Infhosotel-dimensionar-campana-industrial.jpg\" \/>\n<\/div><\/div><\/div><div id=\"pg-w5eacb10d21492-2\"  class=\"panel-grid panel-no-style\" ><div id=\"pgc-w5eacb10d21492-2-0\"  class=\"panel-grid-cell\" ><div id=\"panel-w5eacb10d21492-2-0-0\" class=\"so-panel widget widget_media_image panel-first-child panel-last-child\" data-index=\"3\" ><img width=\"282\" height=\"179\" src=\"https:\/\/friotel.es\/wp-content\/uploads\/2020\/05\/images.jpg\" class=\"image wp-image-619  attachment-full size-full\" alt=\"\" loading=\"lazy\" style=\"max-width: 100%; height: auto;\" \/><\/div><\/div><div id=\"pgc-w5eacb10d21492-2-1\"  class=\"panel-grid-cell\" ><div id=\"panel-w5eacb10d21492-2-1-0\" class=\"so-panel widget widget_themegrill_flash_image tg-widget tg-image-widget panel-first-child panel-last-child\" data-index=\"4\" >\t<img src=\"http:\/\/friotel.es\/wp-content\/uploads\/2020\/05\/campana-isla-peuqe\u00f1a.jpg\" \/>\n<\/div><\/div><div id=\"pgc-w5eacb10d21492-2-2\"  class=\"panel-grid-cell\" ><div id=\"panel-w5eacb10d21492-2-2-0\" class=\"so-panel widget widget_text panel-first-child panel-last-child\" data-index=\"5\" ><h3 class=\"widget-title\">D\u00c9JESE ASESORAR POR PROFESIONALES<\/h3>\t\t\t<div class=\"textwidget\"><p>Deje que le asesoremos a la hora de decidir algo tan importante como su extracci\u00f3n de humos, ya que esto determinara el dia de ma\u00f1ana \u00ablos olores\u00bb y los diversos problemas que puede dar una mala extracci\u00f3n.<\/p>\n<p>Todos hemos estado un negocio alguna vez que \u00abhuele a fritanga\u00bb, evite esos problemas solicitando un presupuesto sin compromiso en Fritotel.<\/p>\n<\/div>\n\t\t<\/div><\/div><\/div><\/div><\/div><\/div><\/div><\/div><div id=\"pg-613-1\"  class=\"panel-grid panel-has-style\" ><div class=\"panel-row-style panel-row-style-for-613-1\" ><div id=\"pgc-613-1-0\"  class=\"panel-grid-cell\" ><div id=\"panel-613-1-0-0\" class=\"so-panel widget widget_themegrill_flash_cta tg-widget call-to-action-section panel-first-child panel-last-child\" data-index=\"1\" ><div class=\"cta-wrapper call-to-action-section-layout-1\">\n\t<div class=\"section-title-wrapper\">\n\t\t\t\t<h3 class=\"section-title\">\u00bfNECESITAS UNA CAMPANA A MEDIDA?<\/h3>\n\t\t\t<\/div>\n\t\t<div class=\"btn-wrapper\">\n\t\t\t\t<a class=\"btn\" href=\"http:\/\/friotel.es\/index.php\/contact\/\">Contacto<\/a>\n\t\t\t\t\t<\/div>\n\t<\/div>\n<\/div><\/div><\/div><\/div><\/div>","protected":false},"excerpt":{"rendered":"<p>FABRICACI\u00d3N A MEDIDA DE CAMPANA EXTRACTORA INDUSTRIAL Somos fabricantes, nos adaptamos a cualquier lugar Despu\u00e9s de nuestra experiencia de mas [&hellip;]<\/p>\n","protected":false},"author":1,"featured_media":0,"parent":0,"menu_order":0,"comment_status":"closed","ping_status":"closed","template":"","meta":[],"_links":{"self":[{"href":"https:\/\/friotel.es\/index.php\/wp-json\/wp\/v2\/pages\/613"}],"collection":[{"href":"https:\/\/friotel.es\/index.php\/wp-json\/wp\/v2\/pages"}],"about":[{"href":"https:\/\/friotel.es\/index.php\/wp-json\/wp\/v2\/types\/page"}],"author":[{"embeddable":true,"href":"https:\/\/friotel.es\/index.php\/wp-json\/wp\/v2\/users\/1"}],"replies":[{"embeddable":true,"href":"https:\/\/friotel.es\/index.php\/wp-json\/wp\/v2\/comments?post=613"}],"version-history":[{"count":4,"href":"https:\/\/friotel.es\/index.php\/wp-json\/wp\/v2\/pages\/613\/revisions"}],"predecessor-version":[{"id":624,"href":"https:\/\/friotel.es\/index.php\/wp-json\/wp\/v2\/pages\/613\/revisions\/624"}],"wp:attachment":[{"href":"https:\/\/friotel.es\/index.php\/wp-json\/wp\/v2\/media?parent=613"}],"curies":[{"name":"wp","href":"https:\/\/api.w.org\/{rel}","templated":true}]}}