{"id":590,"date":"2020-05-01T23:44:23","date_gmt":"2020-05-01T21:44:23","guid":{"rendered":"http:\/\/friotel.es\/?page_id=590"},"modified":"2020-05-02T02:12:01","modified_gmt":"2020-05-02T00:12:01","slug":"transporte","status":"publish","type":"page","link":"https:\/\/friotel.es\/index.php\/transporte\/","title":{"rendered":"Rutas de reparto"},"content":{"rendered":"<div id=\"pl-590\"  class=\"panel-layout\" ><div id=\"pg-590-0\"  class=\"panel-grid panel-has-style\" ><div class=\"panel-row-style panel-row-style-for-590-0\" ><div id=\"pgc-590-0-0\"  class=\"panel-grid-cell\" ><div id=\"panel-590-0-0-0\" class=\"so-panel widget widget_siteorigin-panels-builder panel-first-child panel-last-child\" data-index=\"0\" ><div id=\"pl-w5eacbad1855db\"  class=\"panel-layout\" ><div id=\"pg-w5eacbad1855db-0\"  class=\"panel-grid panel-no-style\" ><div id=\"pgc-w5eacbad1855db-0-0\"  class=\"panel-grid-cell\" ><div id=\"panel-w5eacbad1855db-0-0-0\" class=\"so-panel widget widget_themegrill_flash_heading tg-widget section-title-wrapper panel-first-child panel-last-child\" data-index=\"0\" >\t<h3 class=\"section-title\">TRANSPORTAMOS E INSTALAMOS LO QUE NECESITE<\/h3>\n<\/div><\/div><\/div><div id=\"pg-w5eacbad1855db-1\"  class=\"panel-grid panel-no-style\" ><div id=\"pgc-w5eacbad1855db-1-0\"  class=\"panel-grid-cell\" ><div id=\"panel-w5eacbad1855db-1-0-0\" class=\"so-panel widget widget_themegrill_flash_image tg-widget tg-image-widget panel-first-child panel-last-child\" data-index=\"1\" >\t<img src=\"http:\/\/friotel.es\/wp-content\/uploads\/2020\/05\/mejor-furgoneta-calidad-precio.jpg\" \/>\n<\/div><\/div><div id=\"pgc-w5eacbad1855db-1-1\"  class=\"panel-grid-cell\" ><div id=\"panel-w5eacbad1855db-1-1-0\" class=\"so-panel widget widget_text panel-first-child panel-last-child\" data-index=\"2\" ><h3 class=\"widget-title\">Le llevamos a su negocio todo lo necesario para trabajar.<\/h3>\t\t\t<div class=\"textwidget\"><p>En Friotel queremos que su negocio disponga de todo lo necesario para trabajar, asi que nuestros comerciales le serviran todo lo necesario para desarrollar su trabajo.<\/p>\n<ul>\n<li>Menaje.<\/li>\n<li>Papel industrial.<\/li>\n<li>Envases<\/li>\n<li>Qu\u00edmicos profesionales<\/li>\n<li>Productos de limpieza<\/li>\n<li>Enseres<\/li>\n<\/ul>\n<p>A su vez si necesita una nueva vitrina, frigor\u00edfico, freidora, nuestros t\u00e9cnicos le asesoraran y se lo llevaran a su negocio y si es necesario realizaran la instalaci\u00f3n.<\/p>\n<p>En resumen, no tiene usted que desplazarse, solo ded\u00edquese a su negocio, nosotros hacemos el resto.<\/p>\n<\/div>\n\t\t<\/div><\/div><\/div><\/div><\/div><\/div><\/div><\/div><div id=\"pg-590-1\"  class=\"panel-grid panel-has-style\" ><div class=\"panel-row-style panel-row-style-for-590-1\" ><div id=\"pgc-590-1-0\"  class=\"panel-grid-cell\" ><div id=\"panel-590-1-0-0\" class=\"so-panel widget widget_themegrill_flash_cta tg-widget call-to-action-section panel-first-child panel-last-child\" data-index=\"1\" ><div class=\"cta-wrapper call-to-action-section-layout-1\">\n\t<div class=\"section-title-wrapper\">\n\t\t\t\t<h3 class=\"section-title\">NOSOTROS LO TRANSPORTAMOS<\/h3>\n\t\t\t<\/div>\n\t\t<div class=\"btn-wrapper\">\n\t\t\t\t<a class=\"btn\" href=\"http:\/\/friotel.es\/index.php\/contact\/\">Contacto<\/a>\n\t\t\t\t\t<\/div>\n\t<\/div>\n<\/div><\/div><\/div><\/div><\/div>","protected":false},"excerpt":{"rendered":"<p>TRANSPORTAMOS E INSTALAMOS LO QUE NECESITE Le llevamos a su negocio todo lo necesario para trabajar. En Friotel queremos que [&hellip;]<\/p>\n","protected":false},"author":1,"featured_media":0,"parent":0,"menu_order":0,"comment_status":"closed","ping_status":"closed","template":"","meta":[],"_links":{"self":[{"href":"https:\/\/friotel.es\/index.php\/wp-json\/wp\/v2\/pages\/590"}],"collection":[{"href":"https:\/\/friotel.es\/index.php\/wp-json\/wp\/v2\/pages"}],"about":[{"href":"https:\/\/friotel.es\/index.php\/wp-json\/wp\/v2\/types\/page"}],"author":[{"embeddable":true,"href":"https:\/\/friotel.es\/index.php\/wp-json\/wp\/v2\/users\/1"}],"replies":[{"embeddable":true,"href":"https:\/\/friotel.es\/index.php\/wp-json\/wp\/v2\/comments?post=590"}],"version-history":[{"count":9,"href":"https:\/\/friotel.es\/index.php\/wp-json\/wp\/v2\/pages\/590\/revisions"}],"predecessor-version":[{"id":653,"href":"https:\/\/friotel.es\/index.php\/wp-json\/wp\/v2\/pages\/590\/revisions\/653"}],"wp:attachment":[{"href":"https:\/\/friotel.es\/index.php\/wp-json\/wp\/v2\/media?parent=590"}],"curies":[{"name":"wp","href":"https:\/\/api.w.org\/{rel}","templated":true}]}}