{"id":576,"date":"2020-05-01T23:23:46","date_gmt":"2020-05-01T21:23:46","guid":{"rendered":"http:\/\/friotel.es\/?page_id=576"},"modified":"2020-05-01T23:23:46","modified_gmt":"2020-05-01T21:23:46","slug":"mobiliario-de-hosteleria","status":"publish","type":"page","link":"https:\/\/friotel.es\/index.php\/mobiliario-de-hosteleria\/","title":{"rendered":"Mobiliario de hosteler\u00eda"},"content":{"rendered":"<div id=\"pl-576\"  class=\"panel-layout\" ><div id=\"pg-576-0\"  class=\"panel-grid panel-has-style\" ><div class=\"panel-row-style panel-row-style-for-576-0\" ><div id=\"pgc-576-0-0\"  class=\"panel-grid-cell\" ><div id=\"panel-576-0-0-0\" class=\"so-panel widget widget_siteorigin-panels-builder panel-first-child panel-last-child\" data-index=\"0\" ><div id=\"pl-w5eac93625554b\"  class=\"panel-layout\" ><div id=\"pg-w5eac93625554b-0\"  class=\"panel-grid panel-no-style\" ><div id=\"pgc-w5eac93625554b-0-0\"  class=\"panel-grid-cell\" ><div id=\"panel-w5eac93625554b-0-0-0\" class=\"so-panel widget widget_themegrill_flash_heading tg-widget section-title-wrapper panel-first-child panel-last-child\" data-index=\"0\" >\t<h3 class=\"section-title\">TENEMOS DE TODO LO NECESARIO PARA SU NEGOCIO<\/h3>\n\t<div class=\"section-description\">Sillas, mesas, sombrillas, taburetes... mundo de mobiliario a su alcance<\/div>\n<\/div><\/div><\/div><div id=\"pg-w5eac93625554b-1\"  class=\"panel-grid panel-no-style\" ><div id=\"pgc-w5eac93625554b-1-0\"  class=\"panel-grid-cell\" ><div id=\"panel-w5eac93625554b-1-0-0\" class=\"so-panel widget widget_text panel-first-child panel-last-child\" data-index=\"1\" >\t\t\t<div class=\"textwidget\"><p dir=\"ltr\">Tenemos desde los muebles b\u00e1sicos que todo negocio del sector de la hosteler\u00eda necesita (sillas, mesas, taburetes, sillones&#8230;) hasta mobiliario m\u00e1s espec\u00edfico como tumbonas, parasoles y estufas para terrazas.<\/p>\n<p dir=\"ltr\">Para empezar o continuar con tu negocio necesitaras equipar todos estos elementos al mejor precio, no por ello descuidando la calidad.<\/p>\n<p dir=\"ltr\">Queremos que tengas un amplio abanico de posibilidades para elegir, por eso contar\u00e1s con un extenso cat\u00e1logo de cada tipo de mueble con diferentes dise\u00f1os y estilos para que puedas elegir el que mejor se adapta a tu negocio. As\u00ed podr\u00e1s comparar los materiales, las dimensiones, los colores y, por supuesto los precios, y dar el estilo y el ambiente que quieres a tu negocio.<\/p>\n<p dir=\"ltr\">No lo dudes y consulta ahora con nuestro equipo de atenci\u00f3n al cliente o p\u00e1sate por la secci\u00f3n <a href=\"http:\/\/friotel.es\/index.php\/cash\/\">cash<\/a> para saber todo lo que podemos ofrecerte.<\/p>\n<\/div>\n\t\t<\/div><\/div><div id=\"pgc-w5eac93625554b-1-1\"  class=\"panel-grid-cell\" ><div id=\"panel-w5eac93625554b-1-1-0\" class=\"so-panel widget widget_themegrill_flash_image tg-widget tg-image-widget panel-first-child panel-last-child\" data-index=\"2\" >\t<img src=\"http:\/\/friotel.es\/wp-content\/uploads\/2020\/05\/sillas-mesas.jpg\" \/>\n<\/div><\/div><\/div><\/div><\/div><\/div><\/div><\/div><div id=\"pg-576-1\"  class=\"panel-grid panel-has-style\" ><div class=\"panel-row-style panel-row-style-for-576-1\" ><div id=\"pgc-576-1-0\"  class=\"panel-grid-cell\" ><div id=\"panel-576-1-0-0\" class=\"so-panel widget widget_themegrill_flash_cta tg-widget call-to-action-section panel-first-child panel-last-child\" data-index=\"1\" ><div class=\"cta-wrapper call-to-action-section-layout-1\">\n\t<div class=\"section-title-wrapper\">\n\t\t\t\t<h3 class=\"section-title\">NECESITO EQUIPAR MI NEGOCIO<\/h3>\n\t\t\t<\/div>\n\t\t<div class=\"btn-wrapper\">\n\t\t\t\t<a class=\"btn\" href=\"http:\/\/friotel.es\/index.php\/contact\/\">Consultar<\/a>\n\t\t\t\t\t<\/div>\n\t<\/div>\n<\/div><\/div><\/div><\/div><\/div>","protected":false},"excerpt":{"rendered":"<p>TENEMOS DE TODO LO NECESARIO PARA SU NEGOCIO Sillas, mesas, sombrillas, taburetes&#8230; mundo de mobiliario a su alcance Tenemos desde [&hellip;]<\/p>\n","protected":false},"author":1,"featured_media":0,"parent":0,"menu_order":0,"comment_status":"closed","ping_status":"closed","template":"","meta":[],"_links":{"self":[{"href":"https:\/\/friotel.es\/index.php\/wp-json\/wp\/v2\/pages\/576"}],"collection":[{"href":"https:\/\/friotel.es\/index.php\/wp-json\/wp\/v2\/pages"}],"about":[{"href":"https:\/\/friotel.es\/index.php\/wp-json\/wp\/v2\/types\/page"}],"author":[{"embeddable":true,"href":"https:\/\/friotel.es\/index.php\/wp-json\/wp\/v2\/users\/1"}],"replies":[{"embeddable":true,"href":"https:\/\/friotel.es\/index.php\/wp-json\/wp\/v2\/comments?post=576"}],"version-history":[{"count":10,"href":"https:\/\/friotel.es\/index.php\/wp-json\/wp\/v2\/pages\/576\/revisions"}],"predecessor-version":[{"id":587,"href":"https:\/\/friotel.es\/index.php\/wp-json\/wp\/v2\/pages\/576\/revisions\/587"}],"wp:attachment":[{"href":"https:\/\/friotel.es\/index.php\/wp-json\/wp\/v2\/media?parent=576"}],"curies":[{"name":"wp","href":"https:\/\/api.w.org\/{rel}","templated":true}]}}