{"id":516,"date":"2020-04-29T22:06:48","date_gmt":"2020-04-29T20:06:48","guid":{"rendered":"http:\/\/friotel.es\/?page_id=516"},"modified":"2020-04-29T22:06:48","modified_gmt":"2020-04-29T20:06:48","slug":"especial-covid-19","status":"publish","type":"page","link":"https:\/\/friotel.es\/index.php\/especial-covid-19\/","title":{"rendered":"Especial COVID 19"},"content":{"rendered":"<div id=\"pl-516\"  class=\"panel-layout\" ><div id=\"pg-516-0\"  class=\"panel-grid panel-has-style\" ><div class=\"panel-row-style panel-row-style-for-516-0\" ><div id=\"pgc-516-0-0\"  class=\"panel-grid-cell\" ><div id=\"panel-516-0-0-0\" class=\"so-panel widget widget_siteorigin-panels-builder panel-first-child panel-last-child\" data-index=\"0\" ><div id=\"pl-w5ea9de58ab712\"  class=\"panel-layout\" ><div id=\"pg-w5ea9de58ab712-0\"  class=\"panel-grid panel-no-style\" ><div id=\"pgc-w5ea9de58ab712-0-0\"  class=\"panel-grid-cell\" ><div id=\"panel-w5ea9de58ab712-0-0-0\" class=\"so-panel widget widget_themegrill_flash_heading tg-widget section-title-wrapper panel-first-child panel-last-child\" data-index=\"0\" >\t<h3 class=\"section-title\">Servicio especial de productos COVID 19<\/h3>\n\t<div class=\"section-description\">Todo lo necesario para limpiar y prevenir el COVID 19<\/div>\n<\/div><\/div><\/div><div id=\"pg-w5ea9de58ab712-1\"  class=\"panel-grid panel-no-style\" ><div id=\"pgc-w5ea9de58ab712-1-0\"  class=\"panel-grid-cell\" ><div id=\"panel-w5ea9de58ab712-1-0-0\" class=\"so-panel widget widget_text panel-first-child panel-last-child\" data-index=\"1\" ><h3 class=\"widget-title\">Productos espec\u00edficos para la limpieza, prevenci\u00f3n y desinfecci\u00f3n del COVID 19<\/h3>\t\t\t<div class=\"textwidget\"><p>Una de las claves para la vuelta a la normalizacion es la limpieza, prevenci\u00f3n y desinfecci\u00f3n.<\/p>\n<p>Desde Friotel disponemos de una amplia gama de productos qu\u00edmicos para la desinfecci\u00f3n y limpieza de su negocio, asi como las bayetas, guantes, fregonas&#8230;. y todo el material necesario para su aplicaci\u00f3n.<\/p>\n<p>Ademas contamos con dosificadores de jab\u00f3n y papel industrial para el protocolo de limpieza de sus empleados.<\/p>\n<p><strong>Las solucion es\u00a0 Friotel:<\/strong><\/p>\n<p>Su uso, garantiza la eliminaci\u00f3n del coronavirus, convirtiendo los espacios en lugares seguros para la tranquilidad de sus clientes, asi como el trabajo diario con los materiales de su negocio.<\/p>\n<p>La aplicaci\u00f3n de pastillas de lejia para desinfectar, nuestro limpiador desinfectante Ponslim XE, o las pastillas de cloro para el lavavajillas son la soluci\u00f3n perfecta para que su negocio vuelva a funcionar de forma segura e higienizada.<\/p>\n<ul>\n<li><strong>Ponslim XE:<\/strong>\n<ul>\n<li><strong>Detergente limpiador y desinfectador<\/strong> para todo tipo de superficies, suelos y pavimentos en todo tipo de colectividades, hoteles, oficinas y locales en general. Limpia en profundidad, higieniza y perfuma a la vez. Agradable aroma<\/li>\n<\/ul>\n<\/li>\n<li><strong>Clorinetab:<\/strong>\n<ul>\n<li>Pastillas de Cloro activo higienizante. Tabletas especiales concentradas para la <strong>limpieza e higienizaci\u00f3n<\/strong> de todo tipo de suelos y superficies.<\/li>\n<\/ul>\n<\/li>\n<li><strong>Whitetab:<\/strong>\n<ul>\n<li>Pastillas de cloro blanqueante e higienizante . Una pastilla por cada servicio <strong>desinfecta<\/strong> con cloro y devuelve el blanco a los platos y tazas con manchas.<\/li>\n<\/ul>\n<\/li>\n<li><strong>Dosificadores de jab\u00f3n<\/strong>\n<ul>\n<li>Disponemos de dosificadores de jab\u00f3n de manos y de su correspondiente jab\u00f3n para la correcta higiene de sus clientes y empleados.<\/li>\n<\/ul>\n<\/li>\n<li><strong>Dosificadores de papel<\/strong>\n<ul>\n<li>Toallitas zig-zag, bobina industrial, bobina chemine, disponemos de dosificadores\u00a0 de todas las variedades de papel desechable y sus correspondientes recargas de papel.<\/li>\n<\/ul>\n<\/li>\n<li><strong>Bayetas<\/strong>\n<ul>\n<li>Amplia gama de bayetas para la limpieza\u00a0 y desinfecci\u00f3n de su negocio combinadas con nuestra gama de qu\u00edmicos profesionales.<\/li>\n<\/ul>\n<\/li>\n<li><strong>Gel manos<\/strong> <strong>Higienizante \/ Anti-bacterias \/ Hidroalcoh\u00f3lico<\/strong>\n<ul>\n<li>Gel desinfectante hidro alcoh\u00f3lico de Apos\u00e1n formulado a base de alcohol.<\/li>\n<\/ul>\n<\/li>\n<li><strong>Guantes de Nitrilo<\/strong>\n<ul>\n<li>Guantes nitrilo desechables.<\/li>\n<\/ul>\n<\/li>\n<\/ul>\n<\/div>\n\t\t<\/div><\/div><div id=\"pgc-w5ea9de58ab712-1-1\"  class=\"panel-grid-cell\" ><div id=\"panel-w5ea9de58ab712-1-1-0\" class=\"so-panel widget widget_themegrill_flash_image tg-widget tg-image-widget panel-first-child panel-last-child\" data-index=\"2\" >\t<img src=\"http:\/\/friotel.es\/wp-content\/uploads\/2020\/04\/GAMA-COVID-1.jpg\" \/>\n<\/div><\/div><\/div><div id=\"pg-w5ea9de58ab712-2\"  class=\"panel-grid panel-no-style\" ><div id=\"pgc-w5ea9de58ab712-2-0\"  class=\"panel-grid-cell\" ><div id=\"panel-w5ea9de58ab712-2-0-0\" class=\"so-panel widget widget_themegrill_flash_image tg-widget tg-image-widget panel-first-child panel-last-child\" data-index=\"3\" >\t<img src=\"http:\/\/friotel.es\/wp-content\/uploads\/2020\/04\/desinfecci\u00f3.jpg\" \/>\n<\/div><\/div><div id=\"pgc-w5ea9de58ab712-2-1\"  class=\"panel-grid-cell\" ><div id=\"panel-w5ea9de58ab712-2-1-0\" class=\"so-panel widget widget_themegrill_flash_image tg-widget tg-image-widget panel-first-child panel-last-child\" data-index=\"4\" >\t<img src=\"http:\/\/friotel.es\/wp-content\/uploads\/2020\/04\/covid-750x281-1.jpg\" \/>\n<\/div><\/div><\/div><\/div><\/div><\/div><\/div><\/div><div id=\"pg-516-1\"  class=\"panel-grid panel-has-style\" ><div class=\"panel-row-style panel-row-style-for-516-1\" ><div id=\"pgc-516-1-0\"  class=\"panel-grid-cell\" ><div id=\"panel-516-1-0-0\" class=\"so-panel widget widget_themegrill_flash_cta tg-widget call-to-action-section panel-first-child panel-last-child\" data-index=\"1\" ><div class=\"cta-wrapper call-to-action-section-layout-1\">\n\t<div class=\"section-title-wrapper\">\n\t\t\t\t<h3 class=\"section-title\">Necesito productos de limpieza ya!<\/h3>\n\t\t\t<\/div>\n\t\t<div class=\"btn-wrapper\">\n\t\t\t\t<a class=\"btn\" href=\"http:\/\/friotel.es\/index.php\/contact\/\">Contacto<\/a>\n\t\t\t\t\t<\/div>\n\t<\/div>\n<\/div><\/div><\/div><\/div><\/div>","protected":false},"excerpt":{"rendered":"<p>Servicio especial de productos COVID 19 Todo lo necesario para limpiar y prevenir el COVID 19 Productos espec\u00edficos para la [&hellip;]<\/p>\n","protected":false},"author":1,"featured_media":0,"parent":0,"menu_order":0,"comment_status":"closed","ping_status":"closed","template":"","meta":[],"_links":{"self":[{"href":"https:\/\/friotel.es\/index.php\/wp-json\/wp\/v2\/pages\/516"}],"collection":[{"href":"https:\/\/friotel.es\/index.php\/wp-json\/wp\/v2\/pages"}],"about":[{"href":"https:\/\/friotel.es\/index.php\/wp-json\/wp\/v2\/types\/page"}],"author":[{"embeddable":true,"href":"https:\/\/friotel.es\/index.php\/wp-json\/wp\/v2\/users\/1"}],"replies":[{"embeddable":true,"href":"https:\/\/friotel.es\/index.php\/wp-json\/wp\/v2\/comments?post=516"}],"version-history":[{"count":8,"href":"https:\/\/friotel.es\/index.php\/wp-json\/wp\/v2\/pages\/516\/revisions"}],"predecessor-version":[{"id":527,"href":"https:\/\/friotel.es\/index.php\/wp-json\/wp\/v2\/pages\/516\/revisions\/527"}],"wp:attachment":[{"href":"https:\/\/friotel.es\/index.php\/wp-json\/wp\/v2\/media?parent=516"}],"curies":[{"name":"wp","href":"https:\/\/api.w.org\/{rel}","templated":true}]}}