{"id":504,"date":"2020-04-29T21:39:45","date_gmt":"2020-04-29T19:39:45","guid":{"rendered":"http:\/\/friotel.es\/?page_id=504"},"modified":"2020-04-29T21:39:45","modified_gmt":"2020-04-29T19:39:45","slug":"friotel-desinfecciones","status":"publish","type":"page","link":"https:\/\/friotel.es\/index.php\/friotel-desinfecciones\/","title":{"rendered":"Friotel desinfecciones"},"content":{"rendered":"<div id=\"pl-504\"  class=\"panel-layout\" ><div id=\"pg-504-0\"  class=\"panel-grid panel-has-style\" ><div class=\"panel-row-style panel-row-style-for-504-0\" ><div id=\"pgc-504-0-0\"  class=\"panel-grid-cell\" ><div id=\"panel-504-0-0-0\" class=\"so-panel widget widget_siteorigin-panels-builder panel-first-child panel-last-child\" data-index=\"0\" ><div id=\"pl-w5ea9d8018f998\"  class=\"panel-layout\" ><div id=\"pg-w5ea9d8018f998-0\"  class=\"panel-grid panel-no-style\" ><div id=\"pgc-w5ea9d8018f998-0-0\"  class=\"panel-grid-cell\" ><div id=\"panel-w5ea9d8018f998-0-0-0\" class=\"so-panel widget widget_themegrill_flash_heading tg-widget section-title-wrapper panel-first-child panel-last-child\" data-index=\"0\" >\t<h3 class=\"section-title\">Desinfectamos sus equipos de climatizaci\u00f3n<\/h3>\n\t<div class=\"section-description\">Profesionales de la desinfecci\u00f3n desde hace mas de 20 a\u00f1os<\/div>\n<\/div><\/div><\/div><div id=\"pg-w5ea9d8018f998-1\"  class=\"panel-grid panel-no-style\" ><div id=\"pgc-w5ea9d8018f998-1-0\"  class=\"panel-grid-cell\" ><div id=\"panel-w5ea9d8018f998-1-0-0\" class=\"so-panel widget widget_text panel-first-child panel-last-child\" data-index=\"1\" ><h3 class=\"widget-title\">Friotel desinfecciones en la era del COVID 19<\/h3>\t\t\t<div class=\"textwidget\"><p>Actualmente es\u00a0 casi obligatorio desinfectar un negocio para la reapertura en la era POS COVID\u00a0 19, para este cometido\u00a0 disponemos de Friotel desinfecciones.<\/p>\n<p>Friotel desinfecciones es una rama de su empresa matriz FRIOTEL, dedicada al tratamiento, mantenimiento, limpieza y desinfecci\u00f3n de equipos de climatizaci\u00f3n. Nuestra experiencia avala nuestro trabajo, tras mas de 20 a\u00f1os al servicio de nuestros clientes.<\/p>\n<p>Ases\u00f3rese con nosotros a la hora de desinfectar su equipo de climatizaci\u00f3n aplicando las normas de higienizado y\u00a0 desodorizado presentes en la Uni\u00f3n Europea ya que le brindamos los siguientes servicios en nuestro desinfectado y limpieza:<\/p>\n<ul>\n<li>\u00abAcci\u00f3n anti-bacteriana y acci\u00f3n anti-olores\u00bb: <strong>Norma UNE-EN 1276\/AFNOR NFT 72151<\/strong><\/li>\n<li>\u00abAcci\u00f3n anti-hongos\u00bb: <strong>Norma UNE-EN 1650<\/strong><\/li>\n<li>\u00abAcci\u00f3n anti-acaros\u00bb<\/li>\n<\/ul>\n<p>Todo esta aplicado con nuestra labor de desinfecci\u00f3n profesional dejaran su negocio listo para la nueva etapa POST COVID 19<\/p>\n<p>&nbsp;<\/p>\n<\/div>\n\t\t<\/div><\/div><div id=\"pgc-w5ea9d8018f998-1-1\"  class=\"panel-grid-cell\" ><div id=\"panel-w5ea9d8018f998-1-1-0\" class=\"so-panel widget widget_themegrill_flash_image tg-widget tg-image-widget panel-first-child panel-last-child\" data-index=\"2\" >\t<img src=\"http:\/\/friotel.es\/wp-content\/uploads\/2020\/04\/limpieza-conductos-800x800-1.jpg\" \/>\n<\/div><\/div><\/div><\/div><\/div><\/div><\/div><\/div><div id=\"pg-504-1\"  class=\"panel-grid panel-has-style\" ><div class=\"panel-row-style panel-row-style-for-504-1\" ><div id=\"pgc-504-1-0\"  class=\"panel-grid-cell\" ><div id=\"panel-504-1-0-0\" class=\"so-panel widget widget_themegrill_flash_cta tg-widget call-to-action-section panel-first-child panel-last-child\" data-index=\"1\" ><div class=\"cta-wrapper call-to-action-section-layout-1\">\n\t<div class=\"section-title-wrapper\">\n\t\t\t\t<h3 class=\"section-title\">Necesito desinfectar mis equipos de climatizaci\u00f3n<\/h3>\n\t\t\t<\/div>\n\t\t<div class=\"btn-wrapper\">\n\t\t\t\t<a class=\"btn\" href=\"http:\/\/friotel.es\/index.php\/contact\/\">Contacto<\/a>\n\t\t\t\t\t<\/div>\n\t<\/div>\n<\/div><\/div><\/div><\/div><\/div>","protected":false},"excerpt":{"rendered":"<p>Desinfectamos sus equipos de climatizaci\u00f3n Profesionales de la desinfecci\u00f3n desde hace mas de 20 a\u00f1os Friotel desinfecciones en la era [&hellip;]<\/p>\n","protected":false},"author":1,"featured_media":0,"parent":0,"menu_order":0,"comment_status":"closed","ping_status":"closed","template":"","meta":[],"_links":{"self":[{"href":"https:\/\/friotel.es\/index.php\/wp-json\/wp\/v2\/pages\/504"}],"collection":[{"href":"https:\/\/friotel.es\/index.php\/wp-json\/wp\/v2\/pages"}],"about":[{"href":"https:\/\/friotel.es\/index.php\/wp-json\/wp\/v2\/types\/page"}],"author":[{"embeddable":true,"href":"https:\/\/friotel.es\/index.php\/wp-json\/wp\/v2\/users\/1"}],"replies":[{"embeddable":true,"href":"https:\/\/friotel.es\/index.php\/wp-json\/wp\/v2\/comments?post=504"}],"version-history":[{"count":8,"href":"https:\/\/friotel.es\/index.php\/wp-json\/wp\/v2\/pages\/504\/revisions"}],"predecessor-version":[{"id":515,"href":"https:\/\/friotel.es\/index.php\/wp-json\/wp\/v2\/pages\/504\/revisions\/515"}],"wp:attachment":[{"href":"https:\/\/friotel.es\/index.php\/wp-json\/wp\/v2\/media?parent=504"}],"curies":[{"name":"wp","href":"https:\/\/api.w.org\/{rel}","templated":true}]}}