{"id":492,"date":"2020-04-29T21:18:31","date_gmt":"2020-04-29T19:18:31","guid":{"rendered":"http:\/\/friotel.es\/?page_id=492"},"modified":"2020-04-29T22:16:33","modified_gmt":"2020-04-29T20:16:33","slug":"ozono","status":"publish","type":"page","link":"https:\/\/friotel.es\/index.php\/ozono\/","title":{"rendered":"Ozono"},"content":{"rendered":"<div id=\"pl-492\"  class=\"panel-layout\" ><div id=\"pg-492-0\"  class=\"panel-grid panel-has-style\" ><div class=\"panel-row-style panel-row-style-for-492-0\" ><div id=\"pgc-492-0-0\"  class=\"panel-grid-cell\" ><div id=\"panel-492-0-0-0\" class=\"so-panel widget widget_siteorigin-panels-builder panel-first-child panel-last-child\" data-index=\"0\" ><div id=\"pl-w5ea9e06104d12\"  class=\"panel-layout\" ><div id=\"pg-w5ea9e06104d12-0\"  class=\"panel-grid panel-no-style\" ><div id=\"pgc-w5ea9e06104d12-0-0\"  class=\"panel-grid-cell\" ><div id=\"panel-w5ea9e06104d12-0-0-0\" class=\"so-panel widget widget_text panel-first-child panel-last-child\" data-index=\"0\" ><h3 class=\"widget-title\">Nuestro catalago de productores de Ozono<\/h3>\t\t\t<div class=\"textwidget\"><p>Actualmente disponemos de varios modelos de productores de Ozono bajo pedido. Descargue catalogo <a href=\"http:\/\/friotel.es\/wp-content\/uploads\/2020\/04\/Productores-de-ozono-friotel-copia.pdf\">Productores de ozono Friotel\u00a0<\/a><\/p>\n<\/div>\n\t\t<\/div><\/div><\/div><div id=\"pg-w5ea9e06104d12-1\"  class=\"panel-grid panel-no-style\" ><div id=\"pgc-w5ea9e06104d12-1-0\"  class=\"panel-grid-cell\" ><div id=\"panel-w5ea9e06104d12-1-0-0\" class=\"so-panel widget widget_themegrill_flash_image tg-widget tg-image-widget panel-first-child panel-last-child\" data-index=\"1\" >\t<img src=\"http:\/\/friotel.es\/wp-content\/uploads\/2020\/04\/ozono-800x800-1.jpg\" \/>\n<\/div><\/div><div id=\"pgc-w5ea9e06104d12-1-1\"  class=\"panel-grid-cell\" ><div id=\"panel-w5ea9e06104d12-1-1-0\" class=\"so-panel widget widget_text panel-first-child panel-last-child\" data-index=\"2\" ><h3 class=\"widget-title\">Desinfectamos nosotros o le instalamos lo necesario<\/h3>\t\t\t<div class=\"textwidget\"><p id=\"m91-90-92\" class=\"paragraph \">El ozono es considerado, seg\u00fan la Organizaci\u00f3n Mundial de la Salud como el desinfectante m\u00e1s eficiente<strong>\u00a0contra todo tipo de microorganismos, incluidos los agentes virales.\u00a0<\/strong><\/p>\n<p>En la pandemia del Covid 19 se ha demostrado un eficaz desinfectante para todas las \u00e1reas, hoteles, restaurantes, cocinas, servicios, cafeter\u00edas&#8230;.<\/p>\n<p id=\"m96-95-97\" class=\"paragraph \">Utilizar el ozono como desinfectante tiene la ventaja de que act\u00faa de forma muy r\u00e1pida y eficaz\u00a0<strong>contra bacterias, virus, hongos o protozoos (entre ellos el COvid-19)<\/strong>, adem\u00e1s de descomponerse de forma r\u00e1pida y no residual.<\/p>\n<p>Nuestros ca\u00f1ones de Ozono tanto port\u00e1tiles como fijos, le suponen una garant\u00eda para la desinfecci\u00f3n y reapertura de su negocio.<\/p>\n<p>En Friotel disponemos de ca\u00f1ones de Ozono tanto port\u00e1tiles como fijos, brindado un servicio de desinfecci\u00f3n de calidad y asesorando a nuestros clientes para la adquisici\u00f3n de dichos ca\u00f1ones.<\/p>\n<p>Solicite su presupuesto sin compromiso y realice la reapertura de su negocio con todas las garant\u00edas.<\/p>\n<p>Tanto si necesita que nuestro equipo desinfecte su negocio, como si quiere una maquina port\u00e1til para desinfectar\u00a0 habitaci\u00f3n por habitaci\u00f3n en el caso de por ejemplo tener un hotel u hostal.<\/p>\n<\/div>\n\t\t<\/div><\/div><\/div><\/div><\/div><\/div><\/div><\/div><div id=\"pg-492-1\"  class=\"panel-grid panel-has-style\" ><div class=\"panel-row-style panel-row-style-for-492-1\" ><div id=\"pgc-492-1-0\"  class=\"panel-grid-cell\" ><div id=\"panel-492-1-0-0\" class=\"so-panel widget widget_themegrill_flash_cta tg-widget call-to-action-section panel-first-child panel-last-child\" data-index=\"1\" ><div class=\"cta-wrapper call-to-action-section-layout-1\">\n\t<div class=\"section-title-wrapper\">\n\t\t\t\t<h3 class=\"section-title\">Quiero desinfectar con Ozono ya!<\/h3>\n\t\t\t<\/div>\n\t\t<div class=\"btn-wrapper\">\n\t\t\t\t<a class=\"btn\" href=\"http:\/\/friotel.es\/index.php\/contact\/\">Contacto<\/a>\n\t\t\t\t\t<\/div>\n\t<\/div>\n<\/div><\/div><\/div><\/div><\/div>","protected":false},"excerpt":{"rendered":"<p>Nuestro catalago de productores de Ozono Actualmente disponemos de varios modelos de productores de Ozono bajo pedido. Descargue catalogo Productores [&hellip;]<\/p>\n","protected":false},"author":1,"featured_media":0,"parent":0,"menu_order":0,"comment_status":"closed","ping_status":"closed","template":"","meta":[],"_links":{"self":[{"href":"https:\/\/friotel.es\/index.php\/wp-json\/wp\/v2\/pages\/492"}],"collection":[{"href":"https:\/\/friotel.es\/index.php\/wp-json\/wp\/v2\/pages"}],"about":[{"href":"https:\/\/friotel.es\/index.php\/wp-json\/wp\/v2\/types\/page"}],"author":[{"embeddable":true,"href":"https:\/\/friotel.es\/index.php\/wp-json\/wp\/v2\/users\/1"}],"replies":[{"embeddable":true,"href":"https:\/\/friotel.es\/index.php\/wp-json\/wp\/v2\/comments?post=492"}],"version-history":[{"count":15,"href":"https:\/\/friotel.es\/index.php\/wp-json\/wp\/v2\/pages\/492\/revisions"}],"predecessor-version":[{"id":535,"href":"https:\/\/friotel.es\/index.php\/wp-json\/wp\/v2\/pages\/492\/revisions\/535"}],"wp:attachment":[{"href":"https:\/\/friotel.es\/index.php\/wp-json\/wp\/v2\/media?parent=492"}],"curies":[{"name":"wp","href":"https:\/\/api.w.org\/{rel}","templated":true}]}}