{"id":434,"date":"2020-04-28T22:49:28","date_gmt":"2020-04-28T20:49:28","guid":{"rendered":"http:\/\/friotel.es\/?page_id=434"},"modified":"2020-04-29T21:47:48","modified_gmt":"2020-04-29T19:47:48","slug":"covid-19","status":"publish","type":"page","link":"https:\/\/friotel.es\/index.php\/covid-19\/","title":{"rendered":"Covid-19"},"content":{"rendered":"<div id=\"pl-434\"  class=\"panel-layout\" ><div id=\"pg-434-0\"  class=\"panel-grid panel-has-style\" ><div class=\"panel-row-style panel-row-style-for-434-0\" ><div id=\"pgc-434-0-0\"  class=\"panel-grid-cell\" ><div id=\"panel-434-0-0-0\" class=\"so-panel widget widget_siteorigin-panels-builder panel-first-child panel-last-child\" data-index=\"0\" ><div class=\"panel-widget-style panel-widget-style-for-434-0-0-0\" ><div id=\"pl-w5ea9d9e4ee3df\"  class=\"panel-layout\" ><div id=\"pg-w5ea9d9e4ee3df-0\"  class=\"panel-grid panel-no-style\" ><div id=\"pgc-w5ea9d9e4ee3df-0-0\"  class=\"panel-grid-cell\" ><div id=\"panel-w5ea9d9e4ee3df-0-0-0\" class=\"so-panel widget widget_themegrill_flash_heading tg-widget section-title-wrapper panel-first-child panel-last-child\" data-index=\"0\" >\t<h3 class=\"section-title\">Desinfectamos su negocio con total garant\u00eda y seguridad<\/h3>\n\t<div class=\"section-description\">Prepara tu negocio para la reapertura frente al COVID 19<\/div>\n<\/div><\/div><\/div><div id=\"pg-w5ea9d9e4ee3df-1\"  class=\"panel-grid panel-has-style\" ><div class=\"panel-row-style panel-row-style-for-w5ea9d9e4ee3df-1\" ><div id=\"pgc-w5ea9d9e4ee3df-1-0\"  class=\"panel-grid-cell\" ><div id=\"panel-w5ea9d9e4ee3df-1-0-0\" class=\"so-panel widget widget_text panel-first-child panel-last-child\" data-index=\"1\" ><h3 class=\"widget-title\">Presentamos nuestras diferentes gamas y soluciones para la reapertura de su negocio frente al COVID 19<\/h3>\t\t\t<div class=\"textwidget\"><p>Descargue aqu\u00ed nuestro folleto de Ozono <a href=\"http:\/\/friotel.es\/wp-content\/uploads\/2020\/04\/Productores-de-ozono-friotel-copia.pdf\">Productores de ozono Friotel\u00a0<\/a><\/p>\n<\/div>\n\t\t<\/div><\/div><\/div><\/div><div id=\"pg-w5ea9d9e4ee3df-2\"  class=\"panel-grid panel-no-style\" ><div id=\"pgc-w5ea9d9e4ee3df-2-0\"  class=\"panel-grid-cell\" ><div id=\"panel-w5ea9d9e4ee3df-2-0-0\" class=\"so-panel widget widget_themegrill_flash_image tg-widget tg-image-widget panel-first-child\" data-index=\"2\" ><div class=\"panel-widget-style panel-widget-style-for-w5ea9d9e4ee3df-2-0-0\" >\t<img src=\"http:\/\/friotel.es\/wp-content\/uploads\/2020\/04\/CABECERA-OZONO.jpg\" \/>\n<\/div><\/div><div id=\"panel-w5ea9d9e4ee3df-2-0-1\" class=\"so-panel widget widget_themegrill_flash_image tg-widget tg-image-widget panel-last-child\" data-index=\"3\" >\t<img src=\"http:\/\/friotel.es\/wp-content\/uploads\/2020\/04\/ca\u00f1on-ozono.jpg\" \/>\n<\/div><\/div><div id=\"pgc-w5ea9d9e4ee3df-2-1\"  class=\"panel-grid-cell\" ><div id=\"panel-w5ea9d9e4ee3df-2-1-0\" class=\"so-panel widget widget_text panel-first-child panel-last-child\" data-index=\"4\" ><h3 class=\"widget-title\">Desinfecciones por Ozono<\/h3>\t\t\t<div class=\"textwidget\"><p id=\"m91-90-92\" class=\"paragraph \">El ozono es considerado, seg\u00fan la Organizaci\u00f3n Mundial de la Salud como el desinfectante m\u00e1s eficiente<strong>\u00a0contra todo tipo de microorganismos, incluidos los agentes virales.\u00a0<\/strong><\/p>\n<p>En la pandemia del Covid 19 se ha demostrado un eficaz desinfectante para todas las \u00e1reas, hoteles, restaurantes, cocinas, servicios, cafeter\u00edas&#8230;.<\/p>\n<p id=\"m96-95-97\" class=\"paragraph \">Utilizar el ozono como desinfectante tiene la ventaja de que act\u00faa de forma muy r\u00e1pida y eficaz\u00a0<strong>contra bacterias, virus, hongos o protozoos (entre ellos el COvid-19)<\/strong>, adem\u00e1s de descomponerse de forma r\u00e1pida y no residual.<\/p>\n<p>Nuestros ca\u00f1ones de Ozono tanto port\u00e1tiles como fijos, le suponen una garant\u00eda para la desinfecci\u00f3n y reapertura de su negocio.<\/p>\n<p>En Friotel disponemos de ca\u00f1ones de Ozono tanto port\u00e1tiles como fijos, brindado un servicio de desinfecci\u00f3n de calidad y asesorando a nuestros clientes para la adquisici\u00f3n de dichos ca\u00f1ones.<\/p>\n<p>Solicite su presupuesto sin compromiso y realice la reapertura de su negocio con todas las garant\u00edas.<\/p>\n<\/div>\n\t\t<\/div><\/div><\/div><div id=\"pg-w5ea9d9e4ee3df-3\"  class=\"panel-grid panel-no-style\" ><div id=\"pgc-w5ea9d9e4ee3df-3-0\"  class=\"panel-grid-cell\" ><div id=\"panel-w5ea9d9e4ee3df-3-0-0\" class=\"so-panel widget widget_text panel-first-child panel-last-child\" data-index=\"5\" ><h3 class=\"widget-title\">Friotel desinfecciones<\/h3>\t\t\t<div class=\"textwidget\"><p>Friotel desinfecciones es una rama de su empresa matriz FRIOTEL, dedicada al tratamiento, mantenimiento, limpieza y desinfecci\u00f3n de equipos de climatizaci\u00f3n. Nuestra experiencia avala nuestro trabajo, tras mas de 20 a\u00f1os al servicio de nuestros clientes.<\/p>\n<p>Ases\u00f3rese con nosotros a la hora de desinfectar su equipo de climatizaci\u00f3n aplicando las normas de higienizado y\u00a0 desodorizado presentes en la Uni\u00f3n Europea ya que le brindamos los siguientes servicios en nuestro desinfectado y limpieza:<\/p>\n<ul>\n<li>\u00abAcci\u00f3n anti-bacteriana y acci\u00f3n anti-olores\u00bb: <strong>Norma UNE-EN 1276\/AFNOR NFT 72151<\/strong><\/li>\n<li>\u00abAcci\u00f3n anti-hongos\u00bb: <strong>Norma UNE-EN 1650<\/strong><\/li>\n<li>\u00abAcci\u00f3n anti-acaros\u00bb<\/li>\n<\/ul>\n<p>Todo esta aplicado con nuestra labor de desinfecci\u00f3n profesional dejaran su negocio listo para la nueva etapa POST COVID 19<\/p>\n<p>&nbsp;<\/p>\n<\/div>\n\t\t<\/div><\/div><div id=\"pgc-w5ea9d9e4ee3df-3-1\"  class=\"panel-grid-cell\" ><div id=\"panel-w5ea9d9e4ee3df-3-1-0\" class=\"so-panel widget widget_themegrill_flash_image tg-widget tg-image-widget panel-first-child panel-last-child\" data-index=\"6\" >\t<img src=\"http:\/\/friotel.es\/wp-content\/uploads\/2020\/04\/friotel-desinfecciones-grande.jpg\" \/>\n<\/div><\/div><\/div><div id=\"pg-w5ea9d9e4ee3df-4\"  class=\"panel-grid panel-no-style\" ><div id=\"pgc-w5ea9d9e4ee3df-4-0\"  class=\"panel-grid-cell\" ><div id=\"panel-w5ea9d9e4ee3df-4-0-0\" class=\"so-panel widget widget_themegrill_flash_image tg-widget tg-image-widget panel-first-child\" data-index=\"7\" >\t<img src=\"http:\/\/friotel.es\/wp-content\/uploads\/2020\/04\/GAMA-COVID-1.jpg\" \/>\n<\/div><div id=\"panel-w5ea9d9e4ee3df-4-0-1\" class=\"so-panel widget widget_themegrill_flash_image tg-widget tg-image-widget panel-last-child\" data-index=\"8\" >\t<img src=\"http:\/\/friotel.es\/wp-content\/uploads\/2020\/04\/desinfecci\u00f3.jpg\" \/>\n<\/div><\/div><div id=\"pgc-w5ea9d9e4ee3df-4-1\"  class=\"panel-grid-cell\" ><div id=\"panel-w5ea9d9e4ee3df-4-1-0\" class=\"so-panel widget widget_text panel-first-child panel-last-child\" data-index=\"9\" ><h3 class=\"widget-title\">Asi es la gama de productos para la desinfecci\u00f3n, limpieza e higiene de su negocio y vuelta a la normalidad.<\/h3>\t\t\t<div class=\"textwidget\"><p>Una de las claves\u00a0 m\u00e1s eficaces para la vuelta a la normalizaci\u00f3n, es sin lugar a duda la de un protocolo de limpieza con la correcta desinfecci\u00f3n de superficies. Y es que est\u00e1 cient\u00edficamente contrastado que el entorno de contacto de una persona afectada puede actuar como reservorio temporal del virus.<\/p>\n<p>Desde Friotel desinfecciones contamos con una gama de qu\u00edmicos expresamente recomendados para la desinfecci\u00f3n de superficies<\/p>\n<p><strong>Las solucion es\u00a0 Friotel desinfecciones<\/strong><\/p>\n<p>En Friotel desinfecciones, empresa espa\u00f1ola experta en m\u00e9todos de biodesinfecci\u00f3n y limpieza profesional, con m\u00e1s de 20 a\u00f1os de experiencia, somos conscientes de estas necesidades y para combatir al\u00a0<em>Covid-19<\/em>, disponemos de una amplia gama de productos qu\u00edmicos especialmente indicados para la higiene y desinfecci\u00f3n de superficies que puedan presentar riesgo de contagio por contacto.<\/p>\n<p>Ademas disponemos de todos los complementos indicados para la limpieza e higiene de su negocio, clientes y empleados<\/p>\n<p>Su uso, garantiza la eliminaci\u00f3n del coronavirus, convirtiendo los espacios en lugares seguros para la tranquilidad de sus clientes, asi como el trabajo diario con los materiales de su negocio.<\/p>\n<ul>\n<li><strong>Ponslim XE:<\/strong>\n<ul>\n<li><strong>Detergente limpiador y desinfectador<\/strong> para todo tipo de superficies, suelos y pavimentos en todo tipo de colectividades, hoteles, oficinas y locales en general. Limpia en profundidad, higieniza y perfuma a la vez. Agradable aroma<\/li>\n<\/ul>\n<\/li>\n<li><strong>Clorinetab:<\/strong>\n<ul>\n<li>Pastillas de Cloro activo higienizante. Tabletas especiales concentradas para la <strong>limpieza e higienizaci\u00f3n<\/strong> de todo tipo de suelos y superficies.<\/li>\n<\/ul>\n<\/li>\n<li><strong>Whitetab:<\/strong>\n<ul>\n<li>Pastillas de cloro blanqueante e higienizante . Una pastilla por cada servicio <strong>desinfecta<\/strong> con cloro y devuelve el blanco a los platos y tazas con manchas.<\/li>\n<\/ul>\n<\/li>\n<li><strong>Dosificadores de jab\u00f3n<\/strong>\n<ul>\n<li>Disponemos de dosificadores de jab\u00f3n de manos y de su correspondiente jab\u00f3n para la correcta higiene de sus clientes y empleados.<\/li>\n<\/ul>\n<\/li>\n<li><strong>Dosificadores de papel<\/strong>\n<ul>\n<li>Toallitas zig-zag, bobina industrial, bobina chemine, disponemos de dosificadores\u00a0 de todas las variedades de papel desechable y sus correspondientes recargas de papel.<\/li>\n<\/ul>\n<\/li>\n<li><strong>Bayetas<\/strong>\n<ul>\n<li>Amplia gama de bayetas para la limpieza\u00a0 y desinfecci\u00f3n de su negocio combinadas con nuestra gama de qu\u00edmicos profesionales.<\/li>\n<\/ul>\n<\/li>\n<li><strong>Gel manos<\/strong> <strong>Higienizante \/ Anti-bacterias \/ Hidroalcoh\u00f3lico<\/strong>\n<ul>\n<li>Gel desinfectante hidro alcoh\u00f3lico de Apos\u00e1n formulado a base de alcohol.<\/li>\n<\/ul>\n<\/li>\n<li><strong>Guantes de Nitrilo<\/strong>\n<ul>\n<li>Guantes nitrilo desechables.<\/li>\n<\/ul>\n<\/li>\n<\/ul>\n<\/div>\n\t\t<\/div><\/div><\/div><div id=\"pg-w5ea9d9e4ee3df-5\"  class=\"panel-grid panel-has-style\" ><div class=\"panel-row-style panel-row-style-for-w5ea9d9e4ee3df-5\" ><div id=\"pgc-w5ea9d9e4ee3df-5-0\"  class=\"panel-grid-cell\" ><div id=\"panel-w5ea9d9e4ee3df-5-0-0\" class=\"so-panel widget widget_themegrill_flash_image tg-widget tg-image-widget panel-first-child panel-last-child\" data-index=\"10\" >\t<img src=\"http:\/\/friotel.es\/wp-content\/uploads\/2020\/04\/ozono-800x800-1.jpg\" \/>\n<\/div><\/div><div id=\"pgc-w5ea9d9e4ee3df-5-1\"  class=\"panel-grid-cell\" ><div id=\"panel-w5ea9d9e4ee3df-5-1-0\" class=\"so-panel widget widget_themegrill_flash_image tg-widget tg-image-widget panel-first-child\" data-index=\"11\" ><div class=\"panel-widget-style panel-widget-style-for-w5ea9d9e4ee3df-5-1-0\" >\t<img src=\"http:\/\/friotel.es\/wp-content\/uploads\/2020\/04\/covid-19-800x400-1.jpg\" \/>\n<\/div><\/div><div id=\"panel-w5ea9d9e4ee3df-5-1-1\" class=\"so-panel widget widget_themegrill_flash_image tg-widget tg-image-widget panel-last-child\" data-index=\"12\" >\t<img src=\"http:\/\/friotel.es\/wp-content\/uploads\/2020\/04\/tecnico-desinfectando-800.jpg\" \/>\n<\/div><\/div><\/div><\/div><\/div><\/div><\/div><\/div><\/div><\/div><div id=\"pg-434-1\"  class=\"panel-grid panel-has-style\" ><div class=\"panel-row-style panel-row-style-for-434-1\" ><div id=\"pgc-434-1-0\"  class=\"panel-grid-cell\" ><div id=\"panel-434-1-0-0\" class=\"so-panel widget widget_themegrill_flash_cta tg-widget call-to-action-section panel-first-child panel-last-child\" data-index=\"1\" ><div class=\"cta-wrapper call-to-action-section-layout-1\">\n\t<div class=\"section-title-wrapper\">\n\t\t\t\t<h3 class=\"section-title\">Quiero desinfectar mi negocio<\/h3>\n\t\t\t\t<h4 class=\"section-subtitle\">Total profesionalidad y seguridad<\/h4>\n\t\t\t<\/div>\n\t\t<div class=\"btn-wrapper\">\n\t\t\t\t<a class=\"btn\" href=\"http:\/\/friotel.es\/index.php\/contact\/\">Contacta ya!<\/a>\n\t\t\t\t\t<\/div>\n\t<\/div>\n<\/div><\/div><\/div><\/div><\/div>","protected":false},"excerpt":{"rendered":"<p>Desinfectamos su negocio con total garant\u00eda y seguridad Prepara tu negocio para la reapertura frente al COVID 19 Presentamos nuestras [&hellip;]<\/p>\n","protected":false},"author":1,"featured_media":0,"parent":0,"menu_order":0,"comment_status":"closed","ping_status":"closed","template":"","meta":[],"_links":{"self":[{"href":"https:\/\/friotel.es\/index.php\/wp-json\/wp\/v2\/pages\/434"}],"collection":[{"href":"https:\/\/friotel.es\/index.php\/wp-json\/wp\/v2\/pages"}],"about":[{"href":"https:\/\/friotel.es\/index.php\/wp-json\/wp\/v2\/types\/page"}],"author":[{"embeddable":true,"href":"https:\/\/friotel.es\/index.php\/wp-json\/wp\/v2\/users\/1"}],"replies":[{"embeddable":true,"href":"https:\/\/friotel.es\/index.php\/wp-json\/wp\/v2\/comments?post=434"}],"version-history":[{"count":44,"href":"https:\/\/friotel.es\/index.php\/wp-json\/wp\/v2\/pages\/434\/revisions"}],"predecessor-version":[{"id":518,"href":"https:\/\/friotel.es\/index.php\/wp-json\/wp\/v2\/pages\/434\/revisions\/518"}],"wp:attachment":[{"href":"https:\/\/friotel.es\/index.php\/wp-json\/wp\/v2\/media?parent=434"}],"curies":[{"name":"wp","href":"https:\/\/api.w.org\/{rel}","templated":true}]}}