{"id":18,"date":"2017-01-30T03:42:19","date_gmt":"2017-01-30T02:42:19","guid":{"rendered":"https:\/\/demo.themegrill.com\/flash-construction-2\/?page_id=18"},"modified":"2020-05-01T21:48:53","modified_gmt":"2020-05-01T19:48:53","slug":"contact","status":"publish","type":"page","link":"https:\/\/friotel.es\/index.php\/contact\/","title":{"rendered":"Contacto"},"content":{"rendered":"<div id=\"pl-18\"  class=\"panel-layout\" ><div id=\"pg-18-0\"  class=\"panel-grid panel-has-style\" ><div class=\"siteorigin-panels-stretch panel-row-style panel-row-style-for-18-0\" data-stretch-type=\"full\" ><div id=\"pgc-18-0-0\"  class=\"panel-grid-cell\" ><div id=\"panel-18-0-0-0\" class=\"so-panel widget widget_siteorigin-panels-builder panel-first-child panel-last-child\" data-index=\"0\" ><div id=\"pl-w5eac7681b2a2f\"  class=\"panel-layout\" ><div id=\"pg-w5eac7681b2a2f-0\"  class=\"panel-grid panel-no-style\" ><div id=\"pgc-w5eac7681b2a2f-0-0\"  class=\"panel-grid-cell\" ><div id=\"panel-w5eac7681b2a2f-0-0-0\" class=\"so-panel widget widget_themegrill_flash_heading tg-widget section-title-wrapper panel-first-child\" data-index=\"0\" >\t<h3 class=\"section-title\">CONTACTA CON NOSOTROS<\/h3>\n<\/div><div id=\"panel-w5eac7681b2a2f-0-0-1\" class=\"so-panel widget widget_text panel-last-child\" data-index=\"1\" >\t\t\t<div class=\"textwidget\"><p>\nDesde este formulario de contacto podr\u00e1 solicitar informaci\u00f3n de cualquiera de nuestros servicios o productos, as\u00ed como de nuestro servicio de asistencia t\u00e9cnica propio y como no, de nuestras ofertas de ocasi\u00f3n\n<\/p><\/div>\n\t\t<\/div><\/div><\/div><div id=\"pg-w5eac7681b2a2f-1\"  class=\"panel-grid panel-no-style\" ><div id=\"pgc-w5eac7681b2a2f-1-0\"  class=\"panel-grid-cell\" ><div id=\"panel-w5eac7681b2a2f-1-0-0\" class=\"so-panel widget widget_text panel-first-child panel-last-child\" data-index=\"2\" ><h3 class=\"widget-title\">Oficina principal<\/h3>\t\t\t<div class=\"textwidget\"><span>Direcci\u00f3n<\/span><\/br>\n<span>Avenida ciudad de Guadix manzana 4 parcela 11\/2<\/span><\/br>\n<span>18500 Guadix, (Granada).<\/span><\/br>\n<span>Espa\u00f1a<\/span><\/br>\n<span>Telefono: +34 858 990 813<\/span><\/br>\n<span>Movil: +34 620 716 864<\/span><\/br>\n<\/div>\n\t\t<\/div><\/div><div id=\"pgc-w5eac7681b2a2f-1-1\"  class=\"panel-grid-cell\" ><div id=\"panel-w5eac7681b2a2f-1-1-0\" class=\"so-panel widget widget_text panel-first-child\" data-index=\"3\" ><h3 class=\"widget-title\">Emergencias<\/h3>\t\t\t<div class=\"textwidget\"><span>Disponemos de un servicio SAT<\/span>\n<span>de emergencias 24 horas<\/span><\/br>\n<span>Tel\u00e9fono: 620 716 864<\/span><\/br><\/div>\n\t\t<\/div><div id=\"panel-w5eac7681b2a2f-1-1-1\" class=\"so-panel widget widget_text panel-last-child\" data-index=\"4\" ><div class=\"panel-widget-style panel-widget-style-for-w5eac7681b2a2f-1-1-1\" ><h3 class=\"widget-title\">Horario de oficina<\/h3>\t\t\t<div class=\"textwidget\"><span>Lunes a Viernes de  09:00- 14:00<\/br>Sabados y Domingos cerrado<\/span><\/div>\n\t\t<\/div><\/div><\/div><div id=\"pgc-w5eac7681b2a2f-1-2\"  class=\"panel-grid-cell\" ><div id=\"panel-w5eac7681b2a2f-1-2-0\" class=\"so-panel widget widget_text panel-first-child panel-last-child\" data-index=\"5\" >\t\t\t<div class=\"textwidget\"><p>Utilice el formulario de contacto para enviarnos un correo electr\u00f3nico.<\/p>\n<p>Por favor deje un tel\u00e9fono de contacto para asegurarnos darle una pronta respuesta<\/p>\n<div role=\"form\" class=\"wpcf7\" id=\"wpcf7-f546-o1\" lang=\"es-ES\" dir=\"ltr\">\n<div class=\"screen-reader-response\"><p role=\"status\" aria-live=\"polite\" aria-atomic=\"true\"><\/p> <ul><\/ul><\/div>\n<form action=\"\/index.php\/wp-json\/wp\/v2\/pages\/18#wpcf7-f546-o1\" method=\"post\" class=\"wpcf7-form init\" novalidate=\"novalidate\" data-status=\"init\">\n<div style=\"display: none;\">\n<input type=\"hidden\" name=\"_wpcf7\" value=\"546\" \/>\n<input type=\"hidden\" name=\"_wpcf7_version\" value=\"5.4\" \/>\n<input type=\"hidden\" name=\"_wpcf7_locale\" value=\"es_ES\" \/>\n<input type=\"hidden\" name=\"_wpcf7_unit_tag\" value=\"wpcf7-f546-o1\" \/>\n<input type=\"hidden\" name=\"_wpcf7_container_post\" value=\"0\" \/>\n<input type=\"hidden\" name=\"_wpcf7_posted_data_hash\" value=\"\" \/>\n<input type=\"hidden\" name=\"_wpcf7_recaptcha_response\" value=\"\" \/>\n<\/div>\n<p><label> Tu nombre (obligatorio)<br \/>\n    <span class=\"wpcf7-form-control-wrap your-name\"><input type=\"text\" name=\"your-name\" value=\"\" size=\"40\" class=\"wpcf7-form-control wpcf7-text wpcf7-validates-as-required\" aria-required=\"true\" aria-invalid=\"false\" \/><\/span> <\/label><\/p>\n<p><label> Tu correo electr\u00f3nico (obligatorio)<br \/>\n    <span class=\"wpcf7-form-control-wrap your-email\"><input type=\"email\" name=\"your-email\" value=\"\" size=\"40\" class=\"wpcf7-form-control wpcf7-text wpcf7-email wpcf7-validates-as-required wpcf7-validates-as-email\" aria-required=\"true\" aria-invalid=\"false\" \/><\/span> <\/label><\/p>\n<p><label> Asunto<br \/>\n    <span class=\"wpcf7-form-control-wrap your-subject\"><input type=\"text\" name=\"your-subject\" value=\"\" size=\"40\" class=\"wpcf7-form-control wpcf7-text\" aria-invalid=\"false\" \/><\/span> <\/label><\/p>\n<p><label> Tu mensaje<br \/>\n    <span class=\"wpcf7-form-control-wrap your-message\"><textarea name=\"your-message\" cols=\"40\" rows=\"10\" class=\"wpcf7-form-control wpcf7-textarea\" aria-invalid=\"false\"><\/textarea><\/span> <\/label><\/p>\n<p><input type=\"submit\" value=\"Enviar\" class=\"wpcf7-form-control wpcf7-submit\" \/><\/p>\n<div class=\"wpcf7-response-output\" aria-hidden=\"true\"><\/div><\/form><\/div>\n<\/div>\n\t\t<\/div><\/div><\/div><\/div><\/div><\/div><\/div><\/div><div id=\"pg-18-1\"  class=\"panel-grid panel-has-style\" ><div class=\"siteorigin-panels-stretch panel-row-style panel-row-style-for-18-1\" data-stretch-type=\"full\" ><div id=\"pgc-18-1-0\"  class=\"panel-grid-cell\" ><div id=\"panel-18-1-0-0\" class=\"so-panel widget widget_themegrill_flash_cta tg-widget call-to-action-section panel-first-child panel-last-child\" data-index=\"1\" ><div class=\"cta-wrapper call-to-action-section-layout-2\">\n\t<div class=\"section-title-wrapper\">\n\t\t\t\t<h3 class=\"section-title\">\u00bfQuieres una soluci\u00f3n a medida?<\/h3>\n\t\t\t<\/div>\n\t\t<div class=\"btn-wrapper\">\n\t\t\t\t<a class=\"btn\" href=\"http:\/\/friotel.es\/index.php\/asesoramiento-personalizado\/\">Pincha aqui<\/a>\n\t\t\t\t\t<\/div>\n\t<\/div>\n<\/div><\/div><\/div><\/div><\/div>","protected":false},"excerpt":{"rendered":"<p>CONTACTA CON NOSOTROS Desde este formulario de contacto podr\u00e1 solicitar informaci\u00f3n de cualquiera de nuestros servicios o productos, as\u00ed como [&hellip;]<\/p>\n","protected":false},"author":1,"featured_media":0,"parent":0,"menu_order":0,"comment_status":"closed","ping_status":"closed","template":"page-templates\/pagebuilder.php","meta":[],"_links":{"self":[{"href":"https:\/\/friotel.es\/index.php\/wp-json\/wp\/v2\/pages\/18"}],"collection":[{"href":"https:\/\/friotel.es\/index.php\/wp-json\/wp\/v2\/pages"}],"about":[{"href":"https:\/\/friotel.es\/index.php\/wp-json\/wp\/v2\/types\/page"}],"author":[{"embeddable":true,"href":"https:\/\/friotel.es\/index.php\/wp-json\/wp\/v2\/users\/1"}],"replies":[{"embeddable":true,"href":"https:\/\/friotel.es\/index.php\/wp-json\/wp\/v2\/comments?post=18"}],"version-history":[{"count":22,"href":"https:\/\/friotel.es\/index.php\/wp-json\/wp\/v2\/pages\/18\/revisions"}],"predecessor-version":[{"id":544,"href":"https:\/\/friotel.es\/index.php\/wp-json\/wp\/v2\/pages\/18\/revisions\/544"}],"wp:attachment":[{"href":"https:\/\/friotel.es\/index.php\/wp-json\/wp\/v2\/media?parent=18"}],"curies":[{"name":"wp","href":"https:\/\/api.w.org\/{rel}","templated":true}]}}