{"id":12,"date":"2017-01-30T03:40:10","date_gmt":"2017-01-30T03:40:10","guid":{"rendered":"https:\/\/demo.themegrill.com\/flash-construction-2\/?page_id=12"},"modified":"2020-05-05T09:38:18","modified_gmt":"2020-05-05T07:38:18","slug":"projects","status":"publish","type":"page","link":"https:\/\/friotel.es\/index.php\/projects\/","title":{"rendered":"Proyectos"},"content":{"rendered":"<div id=\"pl-12\"  class=\"panel-layout\" ><div id=\"pg-12-0\"  class=\"panel-grid panel-has-style\" ><div class=\"siteorigin-panels-stretch panel-row-style panel-row-style-for-12-0\" data-stretch-type=\"full\" ><div id=\"pgc-12-0-0\"  class=\"panel-grid-cell\" ><div id=\"panel-12-0-0-0\" class=\"so-panel widget widget_siteorigin-panels-builder panel-first-child panel-last-child\" data-index=\"0\" ><div class=\"panel-widget-style panel-widget-style-for-12-0-0-0\" ><div id=\"pl-w5eb117ea92c77\"  class=\"panel-layout\" ><div id=\"pg-w5eb117ea92c77-0\"  class=\"panel-grid panel-no-style\" ><div id=\"pgc-w5eb117ea92c77-0-0\"  class=\"panel-grid-cell\" ><div id=\"panel-w5eb117ea92c77-0-0-0\" class=\"so-panel widget widget_themegrill_flash_image tg-widget tg-image-widget panel-first-child panel-last-child\" data-index=\"0\" >\t<img src=\"http:\/\/friotel.es\/wp-content\/uploads\/2017\/02\/800x800.jpg\" \/>\n<\/div><\/div><div id=\"pgc-w5eb117ea92c77-0-1\"  class=\"panel-grid-cell\" ><div id=\"panel-w5eb117ea92c77-0-1-0\" class=\"so-panel widget widget_text panel-first-child\" data-index=\"1\" ><h3 class=\"widget-title\">Nuestros proyectos<\/h3>\t\t\t<div class=\"textwidget\"><p>Aqu\u00ed encontrara una selecci\u00f3n de proyectos terminados que servir\u00e1n de muestra para comprobar nuestro trabajo.<\/p><p>Vitrina a medida, campanas, dise\u00f1o de cocinas, dise\u00f1o de interiores con estudio de iluminaci\u00f3n....<\/p> Pronto su sue\u00f1o puede estar en esta galer\u00eda<\/div>\n\t\t<\/div><div id=\"panel-w5eb117ea92c77-0-1-1\" class=\"so-panel widget widget_siteorigin-panels-builder panel-last-child\" data-index=\"2\" ><div class=\"panel-widget-style panel-widget-style-for-w5eb117ea92c77-0-1-1\" ><div id=\"pl-w5eb117ea92ce4\"  class=\"panel-layout\" ><div id=\"pg-w5eb117ea92ce4-0\"  class=\"panel-grid panel-no-style\" ><div id=\"pgc-w5eb117ea92ce4-0-0\"  class=\"panel-grid-cell\" ><div id=\"panel-w5eb117ea92ce4-0-0-0\" class=\"so-panel widget widget_themegrill_flash_image tg-widget tg-image-widget panel-first-child panel-last-child\" data-index=\"0\" >\t<img src=\"http:\/\/friotel.es\/wp-content\/uploads\/2020\/05\/proyecto-3.jpg\" \/>\n<\/div><\/div><div id=\"pgc-w5eb117ea92ce4-0-1\"  class=\"panel-grid-cell\" ><div id=\"panel-w5eb117ea92ce4-0-1-0\" class=\"so-panel widget widget_themegrill_flash_image tg-widget tg-image-widget panel-first-child panel-last-child\" data-index=\"1\" >\t<img src=\"http:\/\/friotel.es\/wp-content\/uploads\/2020\/05\/proyecto-1.jpg\" \/>\n<\/div><\/div><\/div><\/div><\/div><\/div><\/div><\/div><div id=\"pg-w5eb117ea92c77-1\"  class=\"panel-grid panel-no-style\" ><div id=\"pgc-w5eb117ea92c77-1-0\"  class=\"panel-grid-cell\" ><div id=\"panel-w5eb117ea92c77-1-0-0\" class=\"so-panel widget widget_text panel-first-child panel-last-child\" data-index=\"3\" >\t\t\t<div class=\"textwidget\"><p>Estamos orgullosos de nuestro trabajo, una breve muestra de los trabajos a los que le tenemos mas cari\u00f1o.<\/p>\n<p>No est\u00e1n todos por que seria imposible, pero si los mas queridos&#8230;<\/p>\n<\/div>\n\t\t<\/div><\/div><\/div><div id=\"pg-w5eb117ea92c77-2\"  class=\"panel-grid panel-no-style\" ><div id=\"pgc-w5eb117ea92c77-2-0\"  class=\"panel-grid-cell\" ><div id=\"panel-w5eb117ea92c77-2-0-0\" class=\"so-panel widget widget_themegrill_flash_portfolio tg-section feature-product-section panel-first-child panel-last-child\" data-index=\"4\" ><div class=\"tg-feature-product-layout-3 tg-feature-product-filter-layout\"><div class=\"tg-container\"><div class=\"grid\"><div class=\"tg-column-wrapper\"><div class=\"tg-feature-product-widget element-item uxdesign tg-column-4 construction-projects trabajos-realizados \" data-category=\"construction-projects trabajos-realizados \"><figure><img width=\"400\" height=\"400\" src=\"https:\/\/friotel.es\/wp-content\/uploads\/2020\/04\/a-comer-bien-400x400-1.jpg\" class=\"attachment-full size-full wp-post-image\" alt=\"\" loading=\"lazy\" srcset=\"https:\/\/friotel.es\/wp-content\/uploads\/2020\/04\/a-comer-bien-400x400-1.jpg 400w, https:\/\/friotel.es\/wp-content\/uploads\/2020\/04\/a-comer-bien-400x400-1-300x300.jpg 300w, https:\/\/friotel.es\/wp-content\/uploads\/2020\/04\/a-comer-bien-400x400-1-100x100.jpg 100w, https:\/\/friotel.es\/wp-content\/uploads\/2020\/04\/a-comer-bien-400x400-1-150x150.jpg 150w\" sizes=\"(max-width: 400px) 100vw, 400px\" \/><\/figure><div class=\"featured-image-desc\"><span><a href=\"https:\/\/friotel.es\/index.php\/portfolio\/corporate-building\/\"><i class=\"fa fa-plus\"><\/i><\/a><\/span><div class=\"feature-inner-block\"><h3 class=\"feature-title-wrap\"><a href=\"https:\/\/friotel.es\/index.php\/portfolio\/corporate-building\/\">Vitrina refrigerada a medida<\/a><\/h3><h4 class=\"feature-desc-wrap\">Vitrina refrigerada a medida en forma de \u00abL\u00bb &nbsp;<\/h4><\/div><\/div><\/div><div class=\"tg-feature-product-widget element-item uxdesign tg-column-4 construction-projects trabajos-realizados \" data-category=\"construction-projects trabajos-realizados \"><figure><img width=\"799\" height=\"799\" src=\"https:\/\/friotel.es\/wp-content\/uploads\/2017\/02\/800x800.jpg\" class=\"attachment-full size-full wp-post-image\" alt=\"\" loading=\"lazy\" srcset=\"https:\/\/friotel.es\/wp-content\/uploads\/2017\/02\/800x800.jpg 799w, https:\/\/friotel.es\/wp-content\/uploads\/2017\/02\/800x800-300x300.jpg 300w, https:\/\/friotel.es\/wp-content\/uploads\/2017\/02\/800x800-150x150.jpg 150w, https:\/\/friotel.es\/wp-content\/uploads\/2017\/02\/800x800-768x768.jpg 768w, https:\/\/friotel.es\/wp-content\/uploads\/2017\/02\/800x800-600x600.jpg 600w, https:\/\/friotel.es\/wp-content\/uploads\/2017\/02\/800x800-100x100.jpg 100w\" sizes=\"(max-width: 799px) 100vw, 799px\" \/><\/figure><div class=\"featured-image-desc\"><span><a href=\"https:\/\/friotel.es\/index.php\/portfolio\/home-exterior-design\/\"><i class=\"fa fa-plus\"><\/i><\/a><\/span><div class=\"feature-inner-block\"><h3 class=\"feature-title-wrap\"><a href=\"https:\/\/friotel.es\/index.php\/portfolio\/home-exterior-design\/\">Horno Brasas ahumador<\/a><\/h3><h4 class=\"feature-desc-wrap\">Horno a medida con brasas y ahumador &nbsp; &nbsp;<\/h4><\/div><\/div><\/div><div class=\"tg-feature-product-widget element-item uxdesign tg-column-4 construction-projects trabajos-realizados \" data-category=\"construction-projects trabajos-realizados \"><figure><img width=\"799\" height=\"799\" src=\"https:\/\/friotel.es\/wp-content\/uploads\/2017\/02\/800x800-1.jpg\" class=\"attachment-full size-full wp-post-image\" alt=\"\" loading=\"lazy\" srcset=\"https:\/\/friotel.es\/wp-content\/uploads\/2017\/02\/800x800-1.jpg 799w, https:\/\/friotel.es\/wp-content\/uploads\/2017\/02\/800x800-1-300x300.jpg 300w, https:\/\/friotel.es\/wp-content\/uploads\/2017\/02\/800x800-1-150x150.jpg 150w, https:\/\/friotel.es\/wp-content\/uploads\/2017\/02\/800x800-1-768x768.jpg 768w, https:\/\/friotel.es\/wp-content\/uploads\/2017\/02\/800x800-1-600x600.jpg 600w, https:\/\/friotel.es\/wp-content\/uploads\/2017\/02\/800x800-1-100x100.jpg 100w\" sizes=\"(max-width: 799px) 100vw, 799px\" \/><\/figure><div class=\"featured-image-desc\"><span><a href=\"https:\/\/friotel.es\/index.php\/portfolio\/home-design\/\"><i class=\"fa fa-plus\"><\/i><\/a><\/span><div class=\"feature-inner-block\"><h3 class=\"feature-title-wrap\"><a href=\"https:\/\/friotel.es\/index.php\/portfolio\/home-design\/\">Reforma \u00abSin buya\u00bb Sierra Nevada<\/a><\/h3><h4 class=\"feature-desc-wrap\">Reforma \u00abSin buya\u00bb Sierra Nevada<\/h4><\/div><\/div><\/div><div class=\"tg-feature-product-widget element-item uxdesign tg-column-4 construction-projects trabajos-realizados \" data-category=\"construction-projects trabajos-realizados \"><figure><img width=\"799\" height=\"799\" src=\"https:\/\/friotel.es\/wp-content\/uploads\/2017\/02\/climatizacion-vivienda-800x800-1.jpg\" class=\"attachment-full size-full wp-post-image\" alt=\"\" loading=\"lazy\" srcset=\"https:\/\/friotel.es\/wp-content\/uploads\/2017\/02\/climatizacion-vivienda-800x800-1.jpg 799w, https:\/\/friotel.es\/wp-content\/uploads\/2017\/02\/climatizacion-vivienda-800x800-1-300x300.jpg 300w, https:\/\/friotel.es\/wp-content\/uploads\/2017\/02\/climatizacion-vivienda-800x800-1-150x150.jpg 150w, https:\/\/friotel.es\/wp-content\/uploads\/2017\/02\/climatizacion-vivienda-800x800-1-768x768.jpg 768w, https:\/\/friotel.es\/wp-content\/uploads\/2017\/02\/climatizacion-vivienda-800x800-1-600x600.jpg 600w, https:\/\/friotel.es\/wp-content\/uploads\/2017\/02\/climatizacion-vivienda-800x800-1-100x100.jpg 100w\" sizes=\"(max-width: 799px) 100vw, 799px\" \/><\/figure><div class=\"featured-image-desc\"><span><a href=\"https:\/\/friotel.es\/index.php\/portfolio\/university-building\/\"><i class=\"fa fa-plus\"><\/i><\/a><\/span><div class=\"feature-inner-block\"><h3 class=\"feature-title-wrap\"><a href=\"https:\/\/friotel.es\/index.php\/portfolio\/university-building\/\">Climatizaci\u00f3n vivienda con sistema air-zone<\/a><\/h3><h4 class=\"feature-desc-wrap\">Instalaci\u00f3n climatizaci\u00f3n de vivienda por conducto midea inverter con sistema Air zone de zonificacion, pantallas t\u00e1ctiles ,conexi\u00f3n Wi-Fi mediante tablet [&hellip;]<\/h4><\/div><\/div><\/div><div class=\"tg-feature-product-widget element-item uxdesign tg-column-4 construction-projects trabajos-realizados \" data-category=\"construction-projects trabajos-realizados \"><figure><img width=\"799\" height=\"799\" src=\"https:\/\/friotel.es\/wp-content\/uploads\/2017\/02\/800x800-campana-a-medida.jpg\" class=\"attachment-full size-full wp-post-image\" alt=\"\" loading=\"lazy\" srcset=\"https:\/\/friotel.es\/wp-content\/uploads\/2017\/02\/800x800-campana-a-medida.jpg 799w, https:\/\/friotel.es\/wp-content\/uploads\/2017\/02\/800x800-campana-a-medida-300x300.jpg 300w, https:\/\/friotel.es\/wp-content\/uploads\/2017\/02\/800x800-campana-a-medida-150x150.jpg 150w, https:\/\/friotel.es\/wp-content\/uploads\/2017\/02\/800x800-campana-a-medida-768x768.jpg 768w, https:\/\/friotel.es\/wp-content\/uploads\/2017\/02\/800x800-campana-a-medida-600x600.jpg 600w, https:\/\/friotel.es\/wp-content\/uploads\/2017\/02\/800x800-campana-a-medida-100x100.jpg 100w\" sizes=\"(max-width: 799px) 100vw, 799px\" \/><\/figure><div class=\"featured-image-desc\"><span><a href=\"https:\/\/friotel.es\/index.php\/portfolio\/bridge-construction\/\"><i class=\"fa fa-plus\"><\/i><\/a><\/span><div class=\"feature-inner-block\"><h3 class=\"feature-title-wrap\"><a href=\"https:\/\/friotel.es\/index.php\/portfolio\/bridge-construction\/\">Extracci\u00f3n de humos campana a medida<\/a><\/h3><h4 class=\"feature-desc-wrap\">Extracci\u00f3n de humos campana a medida<\/h4><\/div><\/div><\/div><div class=\"tg-feature-product-widget element-item uxdesign tg-column-4 construction-projects \" data-category=\"construction-projects \"><figure><img width=\"799\" height=\"799\" src=\"https:\/\/friotel.es\/wp-content\/uploads\/2017\/02\/800x800-cocina-confiteria.jpg\" class=\"attachment-full size-full wp-post-image\" alt=\"\" loading=\"lazy\" srcset=\"https:\/\/friotel.es\/wp-content\/uploads\/2017\/02\/800x800-cocina-confiteria.jpg 799w, https:\/\/friotel.es\/wp-content\/uploads\/2017\/02\/800x800-cocina-confiteria-300x300.jpg 300w, https:\/\/friotel.es\/wp-content\/uploads\/2017\/02\/800x800-cocina-confiteria-150x150.jpg 150w, https:\/\/friotel.es\/wp-content\/uploads\/2017\/02\/800x800-cocina-confiteria-768x768.jpg 768w, https:\/\/friotel.es\/wp-content\/uploads\/2017\/02\/800x800-cocina-confiteria-600x600.jpg 600w, https:\/\/friotel.es\/wp-content\/uploads\/2017\/02\/800x800-cocina-confiteria-100x100.jpg 100w\" sizes=\"(max-width: 799px) 100vw, 799px\" \/><\/figure><div class=\"featured-image-desc\"><span><a href=\"https:\/\/friotel.es\/index.php\/portfolio\/library-interior-design\/\"><i class=\"fa fa-plus\"><\/i><\/a><\/span><div class=\"feature-inner-block\"><h3 class=\"feature-title-wrap\"><a href=\"https:\/\/friotel.es\/index.php\/portfolio\/library-interior-design\/\">Mueble trabajo a medida con extracci\u00f3n de humos confiteria<\/a><\/h3><h4 class=\"feature-desc-wrap\">Dise\u00f1amos este mueble trabajo a medida con extracci\u00f3n de humos para una confiter\u00eda, adaptamos a las necesidades del cliente.<\/h4><\/div><\/div><\/div><div class=\"tg-feature-product-widget element-item uxdesign tg-column-4 construction-projects trabajos-realizados \" data-category=\"construction-projects trabajos-realizados \"><figure><img width=\"799\" height=\"799\" src=\"https:\/\/friotel.es\/wp-content\/uploads\/2017\/02\/800x800-campana-a-medida-1.jpg\" class=\"attachment-full size-full wp-post-image\" alt=\"\" loading=\"lazy\" srcset=\"https:\/\/friotel.es\/wp-content\/uploads\/2017\/02\/800x800-campana-a-medida-1.jpg 799w, https:\/\/friotel.es\/wp-content\/uploads\/2017\/02\/800x800-campana-a-medida-1-300x300.jpg 300w, https:\/\/friotel.es\/wp-content\/uploads\/2017\/02\/800x800-campana-a-medida-1-150x150.jpg 150w, https:\/\/friotel.es\/wp-content\/uploads\/2017\/02\/800x800-campana-a-medida-1-768x768.jpg 768w, https:\/\/friotel.es\/wp-content\/uploads\/2017\/02\/800x800-campana-a-medida-1-600x600.jpg 600w, https:\/\/friotel.es\/wp-content\/uploads\/2017\/02\/800x800-campana-a-medida-1-100x100.jpg 100w\" sizes=\"(max-width: 799px) 100vw, 799px\" \/><\/figure><div class=\"featured-image-desc\"><span><a href=\"https:\/\/friotel.es\/index.php\/portfolio\/power-plant-project\/\"><i class=\"fa fa-plus\"><\/i><\/a><\/span><div class=\"feature-inner-block\"><h3 class=\"feature-title-wrap\"><a href=\"https:\/\/friotel.es\/index.php\/portfolio\/power-plant-project\/\">Campana a medida extracci\u00f3n de humos vertical<\/a><\/h3><h4 class=\"feature-desc-wrap\">Dise\u00f1amos esta campana a medida, instalando una extracci\u00f3n de humos vertical. Un trabajo a medida tanto en interior como en [&hellip;]<\/h4><\/div><\/div><\/div><div class=\"tg-feature-product-widget element-item uxdesign tg-column-4 construction-projects trabajos-realizados \" data-category=\"construction-projects trabajos-realizados \"><figure><img width=\"799\" height=\"799\" src=\"https:\/\/friotel.es\/wp-content\/uploads\/2017\/02\/800x800-tinaja.jpg\" class=\"attachment-full size-full wp-post-image\" alt=\"\" loading=\"lazy\" srcset=\"https:\/\/friotel.es\/wp-content\/uploads\/2017\/02\/800x800-tinaja.jpg 799w, https:\/\/friotel.es\/wp-content\/uploads\/2017\/02\/800x800-tinaja-300x300.jpg 300w, https:\/\/friotel.es\/wp-content\/uploads\/2017\/02\/800x800-tinaja-150x150.jpg 150w, https:\/\/friotel.es\/wp-content\/uploads\/2017\/02\/800x800-tinaja-768x768.jpg 768w, https:\/\/friotel.es\/wp-content\/uploads\/2017\/02\/800x800-tinaja-600x600.jpg 600w, https:\/\/friotel.es\/wp-content\/uploads\/2017\/02\/800x800-tinaja-100x100.jpg 100w\" sizes=\"(max-width: 799px) 100vw, 799px\" \/><\/figure><div class=\"featured-image-desc\"><span><a href=\"https:\/\/friotel.es\/index.php\/portfolio\/railway-construction\/\"><i class=\"fa fa-plus\"><\/i><\/a><\/span><div class=\"feature-inner-block\"><h3 class=\"feature-title-wrap\"><a href=\"https:\/\/friotel.es\/index.php\/portfolio\/railway-construction\/\">Reforma restaurante \u00abLa Tinaja\u00bb<\/a><\/h3><h4 class=\"feature-desc-wrap\">Reforma del restaurante La tinaja, reforma de obra civil y maquinaria, estudio de decoraci\u00f3n y fabricaci\u00f3n a medida. &nbsp;<\/h4><\/div><\/div><\/div><\/div><!-- \/.tg-column-wrapper--><\/div><!-- \/.grid --><\/div><!-- \/.tg-container --><\/div><!-- \/.layout div --><\/div><\/div><\/div><\/div><\/div><\/div><\/div><\/div><\/div><div id=\"pg-12-1\"  class=\"panel-grid panel-has-style\" ><div class=\"siteorigin-panels-stretch panel-row-style panel-row-style-for-12-1\" data-stretch-type=\"full\" ><div id=\"pgc-12-1-0\"  class=\"panel-grid-cell\" ><div id=\"panel-12-1-0-0\" class=\"so-panel widget widget_themegrill_flash_cta tg-widget call-to-action-section panel-first-child panel-last-child\" data-index=\"1\" ><div class=\"cta-wrapper call-to-action-section-layout-2\">\n\t<div class=\"section-title-wrapper\">\n\t\t\t\t<h3 class=\"section-title\">\u00bfQuieres que tu negocio aparezca aqui?<\/h3>\n\t\t\t<\/div>\n\t\t<div class=\"btn-wrapper\">\n\t\t\t\t<a class=\"btn\" href=\"http:\/\/friotel.es\/index.php\/contact\/\">Saber mas<\/a>\n\t\t\t\t\t<\/div>\n\t<\/div>\n<\/div><\/div><\/div><\/div><\/div>","protected":false},"excerpt":{"rendered":"<p>Nuestros proyectos Aqu\u00ed encontrara una selecci\u00f3n de proyectos terminados que servir\u00e1n de muestra para comprobar nuestro trabajo. Vitrina a medida, [&hellip;]<\/p>\n","protected":false},"author":1,"featured_media":0,"parent":0,"menu_order":0,"comment_status":"closed","ping_status":"closed","template":"page-templates\/pagebuilder.php","meta":[],"_links":{"self":[{"href":"https:\/\/friotel.es\/index.php\/wp-json\/wp\/v2\/pages\/12"}],"collection":[{"href":"https:\/\/friotel.es\/index.php\/wp-json\/wp\/v2\/pages"}],"about":[{"href":"https:\/\/friotel.es\/index.php\/wp-json\/wp\/v2\/types\/page"}],"author":[{"embeddable":true,"href":"https:\/\/friotel.es\/index.php\/wp-json\/wp\/v2\/users\/1"}],"replies":[{"embeddable":true,"href":"https:\/\/friotel.es\/index.php\/wp-json\/wp\/v2\/comments?post=12"}],"version-history":[{"count":6,"href":"https:\/\/friotel.es\/index.php\/wp-json\/wp\/v2\/pages\/12\/revisions"}],"predecessor-version":[{"id":813,"href":"https:\/\/friotel.es\/index.php\/wp-json\/wp\/v2\/pages\/12\/revisions\/813"}],"wp:attachment":[{"href":"https:\/\/friotel.es\/index.php\/wp-json\/wp\/v2\/media?parent=12"}],"curies":[{"name":"wp","href":"https:\/\/api.w.org\/{rel}","templated":true}]}}